{"id":881,"date":"2025-01-20T14:40:21","date_gmt":"2025-01-20T13:40:21","guid":{"rendered":"https:\/\/chiquitania-turistica.online\/?page_id=881"},"modified":"2025-01-20T14:40:26","modified_gmt":"2025-01-20T13:40:26","slug":"tarificacion-para-publicidad","status":"publish","type":"page","link":"https:\/\/chiquitania-turistica.online\/index.php\/tarificacion-para-publicidad\/","title":{"rendered":"Tarificaci\u00f3n para publicidad"},"content":{"rendered":"\n<h2 class=\"wp-block-heading\">Publicidad en la web gu\u00eda https:\/\/chiquitania-turistica.online<\/h2>\n\n\n\n<h3 class=\"wp-block-heading\"><strong>Definiciones<\/strong><\/h3>\n\n\n\n<p><strong>Arte:<\/strong> composici\u00f3n a base de fotos y texto sobre su empresa hecho con sus propios medios , no tenemos dibujador grafico , su formato debe estar en cent\u00edmetro cuadrado , su fichero &nbsp;internet de tipo JEPG<\/p>\n\n\n\n<p><strong>Cent\u00edmetro cuadrado<\/strong>:&nbsp; es un cuadrado de 1 cent\u00edmetro de ancho por 1 cent\u00edmetro de alto<\/p>\n\n\n<div class=\"wp-block-image\">\n<figure class=\"aligncenter size-full is-resized\"><img data-recalc-dims=\"1\" fetchpriority=\"high\" decoding=\"async\" width=\"507\" height=\"135\" src=\"https:\/\/i0.wp.com\/chiquitania-turistica.online\/wp-content\/uploads\/2025\/01\/page-publicidad-tableau-1-3.png?resize=507%2C135&#038;ssl=1\" alt=\"\" class=\"wp-image-883\" style=\"width:840px;height:auto\" srcset=\"https:\/\/i0.wp.com\/chiquitania-turistica.online\/wp-content\/uploads\/2025\/01\/page-publicidad-tableau-1-3.png?w=507&amp;ssl=1 507w, https:\/\/i0.wp.com\/chiquitania-turistica.online\/wp-content\/uploads\/2025\/01\/page-publicidad-tableau-1-3.png?resize=300%2C80&amp;ssl=1 300w\" sizes=\"(max-width: 507px) 100vw, 507px\" \/><\/figure><\/div>\n\n\n<ul class=\"wp-block-list\">\n<li><strong>Ejemplo<\/strong><\/li>\n\n\n\n<li>Su arte es de 8 cent\u00edmetros de ancho por 4 cent\u00edmetros de alto\u00a0 su arte tiene una superficie de 32 cm2<\/li>\n\n\n\n<li><strong>Para 6 meses<\/strong> Su publicidad ser\u00e1 de 20 bs\/cm<sup>2<\/sup> x32cm<sup>2<\/sup> = 640 bs para 6 meses\u00a0\u00a0<\/li>\n\n\n\n<li><strong>Para un a\u00f1o<\/strong> Su publicidad ser\u00e1 de 30 bs\/cm<sup>2<\/sup> x32cm<sup>2<\/sup> = 960bs para 12 meses\u00a0<\/li>\n\n\n\n<li><strong>Para dos a\u00f1os<\/strong>Su publicidad ser\u00e1 de 40 bs\/cm<sup>2<\/sup> x32cm<sup>2<\/sup> = 1280 bs para 24 meses\u00a0<\/li>\n<\/ul>\n\n\n\n<p><strong>Link:<\/strong> son de dos tipos<\/p>\n\n\n\n<p>Sobre la publicidad o arte fornecido por su empresa, un link esta incluido en el precio <\/p>\n\n\n\n<figure class=\"wp-block-image size-full\"><img data-recalc-dims=\"1\" decoding=\"async\" width=\"800\" height=\"102\" src=\"https:\/\/i0.wp.com\/chiquitania-turistica.online\/wp-content\/uploads\/2025\/01\/page-publicidad-banner-1-2.png?resize=800%2C102&#038;ssl=1\" alt=\"\" class=\"wp-image-884\" srcset=\"https:\/\/i0.wp.com\/chiquitania-turistica.online\/wp-content\/uploads\/2025\/01\/page-publicidad-banner-1-2.png?w=934&amp;ssl=1 934w, https:\/\/i0.wp.com\/chiquitania-turistica.online\/wp-content\/uploads\/2025\/01\/page-publicidad-banner-1-2.png?resize=300%2C38&amp;ssl=1 300w, https:\/\/i0.wp.com\/chiquitania-turistica.online\/wp-content\/uploads\/2025\/01\/page-publicidad-banner-1-2.png?resize=768%2C98&amp;ssl=1 768w\" sizes=\"(max-width: 800px) 100vw, 800px\" \/><\/figure>\n\n\n\n<p><strong>Link banner <\/strong>que se pone sobre una p\u00e1gina del sitio para que pueden irse a su propia pagina (sitio, Facebook Instagram) se paga a parte. Este banner simple  sirve para reenviar a su p\u00e1gina web, sitio Instagram o Facebook\u00a0\u00a0<\/p>\n\n\n\n<p>200 bs por 6 meses<\/p>\n\n\n\n<p>350 bs por 12 meses<\/p>\n\n\n\n<p>600 bs por 24 meses<\/p>\n\n\n<div class=\"wp-block-image\">\n<figure class=\"aligncenter size-full\"><img data-recalc-dims=\"1\" decoding=\"async\" width=\"182\" height=\"143\" src=\"https:\/\/i0.wp.com\/chiquitania-turistica.online\/wp-content\/uploads\/2025\/01\/page-publicidad-whatsapp-.png?resize=182%2C143&#038;ssl=1\" alt=\"\" class=\"wp-image-885\"\/><\/figure><\/div>\n\n\n<p><strong>Clave WhatsApp<\/strong> El cliente hace un clic sobre el logotipo WhatsApp y ser\u00e1 en contacto v\u00eda su tel\u00e9fono  con el tel\u00e9fono de referencia de su empresa <\/p>\n\n\n\n<p>Logo WhatsApp para comunicaci\u00f3n directa 300 bs por 6 meses<\/p>\n\n\n\n<p>Logo WhatsApp para comunicaci\u00f3n directa 600 bs por 12 meses<\/p>\n\n\n\n<p>Logo WhatsApp para comunicaci\u00f3n directa 1000 bs por 24 meses&nbsp;<\/p>\n\n\n\n<p><strong>Condiciones de venta <\/strong><\/p>\n\n\n\n<p>Pago al contado antes de la publicaci\u00f3n y en su totalidad <\/p>\n\n\n<div class=\"wp-block-image\">\n<figure class=\"aligncenter size-full\"><img data-recalc-dims=\"1\" loading=\"lazy\" decoding=\"async\" width=\"381\" height=\"347\" src=\"https:\/\/i0.wp.com\/chiquitania-turistica.online\/wp-content\/uploads\/2025\/01\/qrcode-bcp-michel-50-.jpg?resize=381%2C347&#038;ssl=1\" alt=\"\" class=\"wp-image-886\" srcset=\"https:\/\/i0.wp.com\/chiquitania-turistica.online\/wp-content\/uploads\/2025\/01\/qrcode-bcp-michel-50-.jpg?w=381&amp;ssl=1 381w, https:\/\/i0.wp.com\/chiquitania-turistica.online\/wp-content\/uploads\/2025\/01\/qrcode-bcp-michel-50-.jpg?resize=300%2C273&amp;ssl=1 300w\" sizes=\"(max-width: 381px) 100vw, 381px\" \/><\/figure><\/div>\n\n<div class=\"wp-block-image\">\n<figure class=\"aligncenter size-full\"><img data-recalc-dims=\"1\" loading=\"lazy\" decoding=\"async\" width=\"577\" height=\"446\" src=\"https:\/\/i0.wp.com\/chiquitania-turistica.online\/wp-content\/uploads\/2025\/01\/nit-michel-35.jpg?resize=577%2C446&#038;ssl=1\" alt=\"\" class=\"wp-image-887\" srcset=\"https:\/\/i0.wp.com\/chiquitania-turistica.online\/wp-content\/uploads\/2025\/01\/nit-michel-35.jpg?w=577&amp;ssl=1 577w, https:\/\/i0.wp.com\/chiquitania-turistica.online\/wp-content\/uploads\/2025\/01\/nit-michel-35.jpg?resize=300%2C232&amp;ssl=1 300w\" sizes=\"(max-width: 577px) 100vw, 577px\" \/><\/figure><\/div>","protected":false},"excerpt":{"rendered":"<p>Publicidad en la web gu\u00eda https:\/\/chiquitania-turistica.online Definiciones Arte: composici\u00f3n a base de fotos y texto sobre su empresa hecho con sus propios medios , no tenemos dibujador grafico , su formato debe estar en cent\u00edmetro cuadrado , su fichero &nbsp;internet de tipo JEPG Cent\u00edmetro cuadrado:&nbsp; es un cuadrado de 1 cent\u00edmetro de ancho por 1 [&hellip;]<\/p>\n","protected":false},"author":1,"featured_media":0,"parent":0,"menu_order":0,"comment_status":"closed","ping_status":"closed","template":"","meta":{"footnotes":""},"class_list":["post-881","page","type-page","status-publish","hentry"],"yoast_head":"<!-- This site is optimized with the Yoast SEO plugin v26.8 - https:\/\/yoast.com\/product\/yoast-seo-wordpress\/ -->\n<title>Tarificaci\u00f3n para publicidad - chiquitania-turistica.online<\/title>\n<meta name=\"robots\" content=\"index, follow, max-snippet:-1, max-image-preview:large, max-video-preview:-1\" \/>\n<link rel=\"canonical\" href=\"https:\/\/chiquitania-turistica.online\/index.php\/tarificacion-para-publicidad\/\" \/>\n<meta property=\"og:locale\" content=\"fr_FR\" \/>\n<meta property=\"og:type\" content=\"article\" \/>\n<meta property=\"og:title\" content=\"Tarificaci\u00f3n para publicidad - chiquitania-turistica.online\" \/>\n<meta property=\"og:description\" content=\"Publicidad en la web gu\u00eda https:\/\/chiquitania-turistica.online Definiciones Arte: composici\u00f3n a base de fotos y texto sobre su empresa hecho con sus propios medios , no tenemos dibujador grafico , su formato debe estar en cent\u00edmetro cuadrado , su fichero &nbsp;internet de tipo JEPG Cent\u00edmetro cuadrado:&nbsp; es un cuadrado de 1 cent\u00edmetro de ancho por 1 [&hellip;]\" \/>\n<meta property=\"og:url\" content=\"https:\/\/chiquitania-turistica.online\/index.php\/tarificacion-para-publicidad\/\" \/>\n<meta property=\"og:site_name\" content=\"chiquitania-turistica.online\" \/>\n<meta property=\"article:publisher\" content=\"https:\/\/www.facebook.com\/INGENIERIA4.0\/\" \/>\n<meta property=\"article:modified_time\" content=\"2025-01-20T13:40:26+00:00\" \/>\n<meta property=\"og:image\" content=\"https:\/\/chiquitania-turistica.online\/wp-content\/uploads\/2025\/01\/page-publicidad-tableau-1-3.png\" \/>\n<meta name=\"twitter:card\" content=\"summary_large_image\" \/>\n<meta name=\"twitter:label1\" content=\"Dur\u00e9e de lecture estim\u00e9e\" \/>\n\t<meta name=\"twitter:data1\" content=\"3 minutes\" \/>\n<script type=\"application\/ld+json\" class=\"yoast-schema-graph\">{\"@context\":\"https:\/\/schema.org\",\"@graph\":[{\"@type\":\"WebPage\",\"@id\":\"https:\/\/chiquitania-turistica.online\/index.php\/tarificacion-para-publicidad\/\",\"url\":\"https:\/\/chiquitania-turistica.online\/index.php\/tarificacion-para-publicidad\/\",\"name\":\"Tarificaci\u00f3n para publicidad - chiquitania-turistica.online\",\"isPartOf\":{\"@id\":\"https:\/\/chiquitania-turistica.online\/#website\"},\"primaryImageOfPage\":{\"@id\":\"https:\/\/chiquitania-turistica.online\/index.php\/tarificacion-para-publicidad\/#primaryimage\"},\"image\":{\"@id\":\"https:\/\/chiquitania-turistica.online\/index.php\/tarificacion-para-publicidad\/#primaryimage\"},\"thumbnailUrl\":\"https:\/\/chiquitania-turistica.online\/wp-content\/uploads\/2025\/01\/page-publicidad-tableau-1-3.png\",\"datePublished\":\"2025-01-20T13:40:21+00:00\",\"dateModified\":\"2025-01-20T13:40:26+00:00\",\"breadcrumb\":{\"@id\":\"https:\/\/chiquitania-turistica.online\/index.php\/tarificacion-para-publicidad\/#breadcrumb\"},\"inLanguage\":\"fr-FR\",\"potentialAction\":[{\"@type\":\"ReadAction\",\"target\":[\"https:\/\/chiquitania-turistica.online\/index.php\/tarificacion-para-publicidad\/\"]}]},{\"@type\":\"ImageObject\",\"inLanguage\":\"fr-FR\",\"@id\":\"https:\/\/chiquitania-turistica.online\/index.php\/tarificacion-para-publicidad\/#primaryimage\",\"url\":\"https:\/\/chiquitania-turistica.online\/wp-content\/uploads\/2025\/01\/page-publicidad-tableau-1-3.png\",\"contentUrl\":\"https:\/\/chiquitania-turistica.online\/wp-content\/uploads\/2025\/01\/page-publicidad-tableau-1-3.png\"},{\"@type\":\"BreadcrumbList\",\"@id\":\"https:\/\/chiquitania-turistica.online\/index.php\/tarificacion-para-publicidad\/#breadcrumb\",\"itemListElement\":[{\"@type\":\"ListItem\",\"position\":1,\"name\":\"Accueil\",\"item\":\"https:\/\/chiquitania-turistica.online\/\"},{\"@type\":\"ListItem\",\"position\":2,\"name\":\"Tarificaci\u00f3n para publicidad\"}]},{\"@type\":\"WebSite\",\"@id\":\"https:\/\/chiquitania-turistica.online\/#website\",\"url\":\"https:\/\/chiquitania-turistica.online\/\",\"name\":\"chiquitania-turistica.online\",\"description\":\"Webgu\u00eda de la Chiquitania\",\"publisher\":{\"@id\":\"https:\/\/chiquitania-turistica.online\/#organization\"},\"potentialAction\":[{\"@type\":\"SearchAction\",\"target\":{\"@type\":\"EntryPoint\",\"urlTemplate\":\"https:\/\/chiquitania-turistica.online\/?s={search_term_string}\"},\"query-input\":{\"@type\":\"PropertyValueSpecification\",\"valueRequired\":true,\"valueName\":\"search_term_string\"}}],\"inLanguage\":\"fr-FR\"},{\"@type\":\"Organization\",\"@id\":\"https:\/\/chiquitania-turistica.online\/#organization\",\"name\":\"chiquitania-turistica.online\",\"url\":\"https:\/\/chiquitania-turistica.online\/\",\"logo\":{\"@type\":\"ImageObject\",\"inLanguage\":\"fr-FR\",\"@id\":\"https:\/\/chiquitania-turistica.online\/#\/schema\/logo\/image\/\",\"url\":\"https:\/\/i0.wp.com\/chiquitania-turistica.online\/wp-content\/uploads\/2024\/04\/cropped-logo.jpg?fit=198%2C138&ssl=1\",\"contentUrl\":\"https:\/\/i0.wp.com\/chiquitania-turistica.online\/wp-content\/uploads\/2024\/04\/cropped-logo.jpg?fit=198%2C138&ssl=1\",\"width\":198,\"height\":138,\"caption\":\"chiquitania-turistica.online\"},\"image\":{\"@id\":\"https:\/\/chiquitania-turistica.online\/#\/schema\/logo\/image\/\"},\"sameAs\":[\"https:\/\/www.facebook.com\/INGENIERIA4.0\/\",\"https:\/\/chat.whatsapp.com\/Ci7D06NFHtG9cd3oBZo1iQ\"]}]}<\/script>\n<!-- \/ Yoast SEO plugin. -->","yoast_head_json":{"title":"Tarificaci\u00f3n para publicidad - chiquitania-turistica.online","robots":{"index":"index","follow":"follow","max-snippet":"max-snippet:-1","max-image-preview":"max-image-preview:large","max-video-preview":"max-video-preview:-1"},"canonical":"https:\/\/chiquitania-turistica.online\/index.php\/tarificacion-para-publicidad\/","og_locale":"fr_FR","og_type":"article","og_title":"Tarificaci\u00f3n para publicidad - chiquitania-turistica.online","og_description":"Publicidad en la web gu\u00eda https:\/\/chiquitania-turistica.online Definiciones Arte: composici\u00f3n a base de fotos y texto sobre su empresa hecho con sus propios medios , no tenemos dibujador grafico , su formato debe estar en cent\u00edmetro cuadrado , su fichero &nbsp;internet de tipo JEPG Cent\u00edmetro cuadrado:&nbsp; es un cuadrado de 1 cent\u00edmetro de ancho por 1 [&hellip;]","og_url":"https:\/\/chiquitania-turistica.online\/index.php\/tarificacion-para-publicidad\/","og_site_name":"chiquitania-turistica.online","article_publisher":"https:\/\/www.facebook.com\/INGENIERIA4.0\/","article_modified_time":"2025-01-20T13:40:26+00:00","og_image":[{"url":"https:\/\/chiquitania-turistica.online\/wp-content\/uploads\/2025\/01\/page-publicidad-tableau-1-3.png","type":"","width":"","height":""}],"twitter_card":"summary_large_image","twitter_misc":{"Dur\u00e9e de lecture estim\u00e9e":"3 minutes"},"schema":{"@context":"https:\/\/schema.org","@graph":[{"@type":"WebPage","@id":"https:\/\/chiquitania-turistica.online\/index.php\/tarificacion-para-publicidad\/","url":"https:\/\/chiquitania-turistica.online\/index.php\/tarificacion-para-publicidad\/","name":"Tarificaci\u00f3n para publicidad - chiquitania-turistica.online","isPartOf":{"@id":"https:\/\/chiquitania-turistica.online\/#website"},"primaryImageOfPage":{"@id":"https:\/\/chiquitania-turistica.online\/index.php\/tarificacion-para-publicidad\/#primaryimage"},"image":{"@id":"https:\/\/chiquitania-turistica.online\/index.php\/tarificacion-para-publicidad\/#primaryimage"},"thumbnailUrl":"https:\/\/chiquitania-turistica.online\/wp-content\/uploads\/2025\/01\/page-publicidad-tableau-1-3.png","datePublished":"2025-01-20T13:40:21+00:00","dateModified":"2025-01-20T13:40:26+00:00","breadcrumb":{"@id":"https:\/\/chiquitania-turistica.online\/index.php\/tarificacion-para-publicidad\/#breadcrumb"},"inLanguage":"fr-FR","potentialAction":[{"@type":"ReadAction","target":["https:\/\/chiquitania-turistica.online\/index.php\/tarificacion-para-publicidad\/"]}]},{"@type":"ImageObject","inLanguage":"fr-FR","@id":"https:\/\/chiquitania-turistica.online\/index.php\/tarificacion-para-publicidad\/#primaryimage","url":"https:\/\/chiquitania-turistica.online\/wp-content\/uploads\/2025\/01\/page-publicidad-tableau-1-3.png","contentUrl":"https:\/\/chiquitania-turistica.online\/wp-content\/uploads\/2025\/01\/page-publicidad-tableau-1-3.png"},{"@type":"BreadcrumbList","@id":"https:\/\/chiquitania-turistica.online\/index.php\/tarificacion-para-publicidad\/#breadcrumb","itemListElement":[{"@type":"ListItem","position":1,"name":"Accueil","item":"https:\/\/chiquitania-turistica.online\/"},{"@type":"ListItem","position":2,"name":"Tarificaci\u00f3n para publicidad"}]},{"@type":"WebSite","@id":"https:\/\/chiquitania-turistica.online\/#website","url":"https:\/\/chiquitania-turistica.online\/","name":"chiquitania-turistica.online","description":"Webgu\u00eda de la Chiquitania","publisher":{"@id":"https:\/\/chiquitania-turistica.online\/#organization"},"potentialAction":[{"@type":"SearchAction","target":{"@type":"EntryPoint","urlTemplate":"https:\/\/chiquitania-turistica.online\/?s={search_term_string}"},"query-input":{"@type":"PropertyValueSpecification","valueRequired":true,"valueName":"search_term_string"}}],"inLanguage":"fr-FR"},{"@type":"Organization","@id":"https:\/\/chiquitania-turistica.online\/#organization","name":"chiquitania-turistica.online","url":"https:\/\/chiquitania-turistica.online\/","logo":{"@type":"ImageObject","inLanguage":"fr-FR","@id":"https:\/\/chiquitania-turistica.online\/#\/schema\/logo\/image\/","url":"https:\/\/i0.wp.com\/chiquitania-turistica.online\/wp-content\/uploads\/2024\/04\/cropped-logo.jpg?fit=198%2C138&ssl=1","contentUrl":"https:\/\/i0.wp.com\/chiquitania-turistica.online\/wp-content\/uploads\/2024\/04\/cropped-logo.jpg?fit=198%2C138&ssl=1","width":198,"height":138,"caption":"chiquitania-turistica.online"},"image":{"@id":"https:\/\/chiquitania-turistica.online\/#\/schema\/logo\/image\/"},"sameAs":["https:\/\/www.facebook.com\/INGENIERIA4.0\/","https:\/\/chat.whatsapp.com\/Ci7D06NFHtG9cd3oBZo1iQ"]}]}},"_links":{"self":[{"href":"https:\/\/chiquitania-turistica.online\/index.php\/wp-json\/wp\/v2\/pages\/881","targetHints":{"allow":["GET"]}}],"collection":[{"href":"https:\/\/chiquitania-turistica.online\/index.php\/wp-json\/wp\/v2\/pages"}],"about":[{"href":"https:\/\/chiquitania-turistica.online\/index.php\/wp-json\/wp\/v2\/types\/page"}],"author":[{"embeddable":true,"href":"https:\/\/chiquitania-turistica.online\/index.php\/wp-json\/wp\/v2\/users\/1"}],"replies":[{"embeddable":true,"href":"https:\/\/chiquitania-turistica.online\/index.php\/wp-json\/wp\/v2\/comments?post=881"}],"version-history":[{"count":1,"href":"https:\/\/chiquitania-turistica.online\/index.php\/wp-json\/wp\/v2\/pages\/881\/revisions"}],"predecessor-version":[{"id":888,"href":"https:\/\/chiquitania-turistica.online\/index.php\/wp-json\/wp\/v2\/pages\/881\/revisions\/888"}],"wp:attachment":[{"href":"https:\/\/chiquitania-turistica.online\/index.php\/wp-json\/wp\/v2\/media?parent=881"}],"curies":[{"name":"wp","href":"https:\/\/api.w.org\/{rel}","templated":true}]}}