{"id":579,"date":"2024-04-22T22:54:07","date_gmt":"2024-04-22T20:54:07","guid":{"rendered":"https:\/\/chiquitania-turistica.online\/?page_id=579"},"modified":"2025-02-26T22:28:42","modified_gmt":"2025-02-26T21:28:42","slug":"artesanos","status":"publish","type":"page","link":"https:\/\/chiquitania-turistica.online\/index.php\/artesanos\/","title":{"rendered":"Artesania"},"content":{"rendered":"\n<!-- clock widget start -->\n<script type=\"text\/javascript\"> var css_file=document.createElement(\"link\"); css_file.setAttribute(\"rel\",\"stylesheet\"); css_file.setAttribute(\"type\",\"text\/css\"); css_file.setAttribute(\"href\",\"https:\/\/s.bookcdn.com\/\/css\/cl\/bw-cl-c22.css?v=0.0.1\"); document.getElementsByTagName(\"head\")[0].appendChild(css_file); <\/script> <div id=\"tw_22_114177258\"><div style=\"width:200px; height:px; margin: 0 auto;\"><a href=\"https:\/\/hotelmix.es\/time\/la-paz-13481\">La Paz<\/a><br\/><\/div><\/div> <script type=\"text\/javascript\"> function setWidgetData_114177258(data){ if(typeof(data) != 'undefined' && data.results.length > 0) { for(var i = 0; i < data.results.length; ++i) { var objMainBlock = ''; var params = data.results[i]; objMainBlock = document.getElementById('tw_'+params.widget_type+'_'+params.widget_id); if(objMainBlock !== null) objMainBlock.innerHTML = params.html_code; } } } var clock_timer_114177258 = -1; widgetSrc = \"https:\/\/widgets.booked.net\/time\/info?ver=2;domid=582;type=22;id=114177258;scode=;city_id=;wlangid=4;mode=1;details=0;background=ffffff;border_color=ffffff;color=686868;add_background=ffffff;add_color=333333;head_color=ffffff;border=0;transparent=0\"; var widgetUrl = location.href; widgetSrc += '&#038;ref=' + widgetUrl; var wstrackId = \"\"; if (wstrackId) { widgetSrc += ';wstrackId=' + wstrackId + ';' } var timeBookedScript = document.createElement(\"script\"); timeBookedScript.setAttribute(\"type\", \"text\/javascript\"); timeBookedScript.src = widgetSrc; document.body.appendChild(timeBookedScript); <\/script>\n<!-- clock widget end -->\n\n\n<div class=\"wp-block-image\">\n<figure class=\"aligncenter size-full\"><img data-recalc-dims=\"1\" fetchpriority=\"high\" decoding=\"async\" width=\"391\" height=\"401\" src=\"https:\/\/i0.wp.com\/chiquitania-turistica.online\/wp-content\/uploads\/2024\/04\/travelturismochiquitos-3.jpg?resize=391%2C401\" alt=\"\" class=\"wp-image-183\" srcset=\"https:\/\/i0.wp.com\/chiquitania-turistica.online\/wp-content\/uploads\/2024\/04\/travelturismochiquitos-3.jpg?w=391&amp;ssl=1 391w, https:\/\/i0.wp.com\/chiquitania-turistica.online\/wp-content\/uploads\/2024\/04\/travelturismochiquitos-3.jpg?resize=293%2C300&amp;ssl=1 293w\" sizes=\"(max-width: 391px) 100vw, 391px\" \/><\/figure><\/div>\n\n\n<figure class=\"wp-block-embed aligncenter is-type-video is-provider-youtube wp-block-embed-youtube wp-embed-aspect-16-9 wp-has-aspect-ratio\"><div class=\"wp-block-embed__wrapper\">\n<iframe  style=\"display: block; margin: 0px auto;\"  id=\"_ytid_92988\"  width=\"800\" height=\"450\"  data-origwidth=\"800\" data-origheight=\"450\"  data-relstop=\"1\" src=\"https:\/\/www.youtube.com\/embed\/BGl6FV5Tf6g?enablejsapi=1&#038;autoplay=0&#038;cc_load_policy=0&#038;cc_lang_pref=&#038;iv_load_policy=1&#038;loop=0&#038;rel=0&#038;fs=1&#038;playsinline=0&#038;autohide=2&#038;theme=dark&#038;color=red&#038;controls=1&#038;disablekb=0&#038;\" class=\"__youtube_prefs__  epyt-is-override  no-lazyload\" title=\"YouTube player\"  allow=\"fullscreen; accelerometer; autoplay; clipboard-write; encrypted-media; gyroscope; picture-in-picture; web-share\" referrerpolicy=\"strict-origin-when-cross-origin\" allowfullscreen data-no-lazy=\"1\" data-skipgform_ajax_framebjll=\"\"><\/iframe>\n<\/div><\/figure>\n\n\n\n<p>La Chiquitania boliviana es conocida por su rica tradici\u00f3n artesanal, especialmente en las \u00e1reas de tallado de madera, tejido en telar y pintura. Los artesanos de la regi\u00f3n crean objetos decorativos e indumentaria, siendo la m\u00e1scara de El Abuelo Chiquitano una de las creaciones m\u00e1s famosas. Estas artesan\u00edas reflejan el legado de las misiones jesu\u00edticas en la regi\u00f3n, que fueron declaradas Patrimonio Cultural de la Humanidad por la UNESCO en 1990.<\/p>\n\n\n\n<figure class=\"wp-block-embed is-type-video is-provider-youtube wp-block-embed-youtube wp-embed-aspect-16-9 wp-has-aspect-ratio\"><div class=\"wp-block-embed__wrapper\">\n<iframe  style=\"display: block; margin: 0px auto;\"  id=\"_ytid_69334\"  width=\"800\" height=\"450\"  data-origwidth=\"800\" data-origheight=\"450\"  data-relstop=\"1\" src=\"https:\/\/www.youtube.com\/embed\/WQJbSH9ZJII?enablejsapi=1&#038;autoplay=0&#038;cc_load_policy=0&#038;cc_lang_pref=&#038;iv_load_policy=1&#038;loop=0&#038;rel=0&#038;fs=1&#038;playsinline=0&#038;autohide=2&#038;theme=dark&#038;color=red&#038;controls=1&#038;disablekb=0&#038;\" class=\"__youtube_prefs__  epyt-is-override  no-lazyload\" title=\"YouTube player\"  allow=\"fullscreen; accelerometer; autoplay; clipboard-write; encrypted-media; gyroscope; picture-in-picture; web-share\" referrerpolicy=\"strict-origin-when-cross-origin\" allowfullscreen data-no-lazy=\"1\" data-skipgform_ajax_framebjll=\"\"><\/iframe>\n<\/div><\/figure>\n\n\n\n<p>En San Jos\u00e9 de Chiquitos, hay diferentes asociaciones de artesanas y artesanos que realizan trabajos en tallado de madera, tejido en telar y pintura. La importancia del turismo en la regi\u00f3n ha llevado a la promoci\u00f3n de la cultura viva y la producci\u00f3n de artesan\u00edas, lo que ha generado empleos e ingresos asociados al turismo. San Jos\u00e9 fue incluso nombrada Capital Departamental de la Diversidad Artesanal.<\/p>\n\n\n\n<figure class=\"wp-block-embed aligncenter is-type-video is-provider-youtube wp-block-embed-youtube wp-embed-aspect-16-9 wp-has-aspect-ratio\"><div class=\"wp-block-embed__wrapper\">\n<iframe  style=\"display: block; margin: 0px auto;\"  id=\"_ytid_37715\"  width=\"800\" height=\"450\"  data-origwidth=\"800\" data-origheight=\"450\"  data-relstop=\"1\" src=\"https:\/\/www.youtube.com\/embed\/TBjpLVEJLiI?enablejsapi=1&#038;autoplay=0&#038;cc_load_policy=0&#038;cc_lang_pref=&#038;iv_load_policy=1&#038;loop=0&#038;rel=0&#038;fs=1&#038;playsinline=0&#038;autohide=2&#038;theme=dark&#038;color=red&#038;controls=1&#038;disablekb=0&#038;\" class=\"__youtube_prefs__  epyt-is-override  no-lazyload\" title=\"YouTube player\"  allow=\"fullscreen; accelerometer; autoplay; clipboard-write; encrypted-media; gyroscope; picture-in-picture; web-share\" referrerpolicy=\"strict-origin-when-cross-origin\" allowfullscreen data-no-lazy=\"1\" data-skipgform_ajax_framebjll=\"\"><\/iframe>\n<\/div><\/figure>\n\n\n\n<p>Adem\u00e1s de las artesan\u00edas, la regi\u00f3n tambi\u00e9n ofrece atractivos naturales y culturales, como el Parque Nacional Santa Cruz La Vieja, el Parque Tucabaca en Santiago de Chiquitos, y la Ruta Choch\u00eds M\u00e1gico, donde se pueden encontrar artesanos locales.  <\/p>\n\n\n\n<p>En resumen, la Chiquitania boliviana es una regi\u00f3n rica en artesan\u00eda y tradiciones, con una gran variedad de atractivos culturales y naturales para los visitantes.<br><\/p>\n\n\n\n<figure class=\"wp-block-embed aligncenter is-type-video is-provider-youtube wp-block-embed-youtube wp-embed-aspect-16-9 wp-has-aspect-ratio\"><div class=\"wp-block-embed__wrapper\">\n<iframe  style=\"display: block; margin: 0px auto;\"  id=\"_ytid_82987\"  width=\"800\" height=\"450\"  data-origwidth=\"800\" data-origheight=\"450\"  data-relstop=\"1\" src=\"https:\/\/www.youtube.com\/embed\/jPzKCIQ7jmw?enablejsapi=1&#038;autoplay=0&#038;cc_load_policy=0&#038;cc_lang_pref=&#038;iv_load_policy=1&#038;loop=0&#038;rel=0&#038;fs=1&#038;playsinline=0&#038;autohide=2&#038;theme=dark&#038;color=red&#038;controls=1&#038;disablekb=0&#038;\" class=\"__youtube_prefs__  epyt-is-override  no-lazyload\" title=\"YouTube player\"  allow=\"fullscreen; accelerometer; autoplay; clipboard-write; encrypted-media; gyroscope; picture-in-picture; web-share\" referrerpolicy=\"strict-origin-when-cross-origin\" allowfullscreen data-no-lazy=\"1\" data-skipgform_ajax_framebjll=\"\"><\/iframe>\n<\/div><\/figure>\n","protected":false},"excerpt":{"rendered":"<p>La Paz La Chiquitania boliviana es conocida por su rica tradici\u00f3n artesanal, especialmente en las \u00e1reas de tallado de madera, tejido en telar y pintura. Los artesanos de la regi\u00f3n crean objetos decorativos e indumentaria, siendo la m\u00e1scara de El Abuelo Chiquitano una de las creaciones m\u00e1s famosas. Estas artesan\u00edas reflejan el legado de las [&hellip;]<\/p>\n","protected":false},"author":1,"featured_media":0,"parent":0,"menu_order":0,"comment_status":"closed","ping_status":"closed","template":"","meta":{"footnotes":""},"class_list":["post-579","page","type-page","status-publish","hentry"],"yoast_head":"<!-- This site is optimized with the Yoast SEO plugin v26.8 - https:\/\/yoast.com\/product\/yoast-seo-wordpress\/ -->\n<title>Artesania - chiquitania-turistica.online<\/title>\n<meta name=\"robots\" content=\"index, follow, max-snippet:-1, max-image-preview:large, max-video-preview:-1\" \/>\n<link rel=\"canonical\" href=\"https:\/\/chiquitania-turistica.online\/index.php\/artesanos\/\" \/>\n<meta property=\"og:locale\" content=\"fr_FR\" \/>\n<meta property=\"og:type\" content=\"article\" \/>\n<meta property=\"og:title\" content=\"Artesania - chiquitania-turistica.online\" \/>\n<meta property=\"og:description\" content=\"La Paz La Chiquitania boliviana es conocida por su rica tradici\u00f3n artesanal, especialmente en las \u00e1reas de tallado de madera, tejido en telar y pintura. Los artesanos de la regi\u00f3n crean objetos decorativos e indumentaria, siendo la m\u00e1scara de El Abuelo Chiquitano una de las creaciones m\u00e1s famosas. Estas artesan\u00edas reflejan el legado de las [&hellip;]\" \/>\n<meta property=\"og:url\" content=\"https:\/\/chiquitania-turistica.online\/index.php\/artesanos\/\" \/>\n<meta property=\"og:site_name\" content=\"chiquitania-turistica.online\" \/>\n<meta property=\"article:publisher\" content=\"https:\/\/www.facebook.com\/INGENIERIA4.0\/\" \/>\n<meta property=\"article:modified_time\" content=\"2025-02-26T21:28:42+00:00\" \/>\n<meta property=\"og:image\" content=\"http:\/\/chiquitania-turistica.online\/wp-content\/uploads\/2024\/04\/travelturismochiquitos-3.jpg\" \/>\n<meta name=\"twitter:card\" content=\"summary_large_image\" \/>\n<meta name=\"twitter:label1\" content=\"Dur\u00e9e de lecture estim\u00e9e\" \/>\n\t<meta name=\"twitter:data1\" content=\"2 minutes\" \/>\n<script type=\"application\/ld+json\" class=\"yoast-schema-graph\">{\"@context\":\"https:\/\/schema.org\",\"@graph\":[{\"@type\":\"WebPage\",\"@id\":\"https:\/\/chiquitania-turistica.online\/index.php\/artesanos\/\",\"url\":\"https:\/\/chiquitania-turistica.online\/index.php\/artesanos\/\",\"name\":\"Artesania - chiquitania-turistica.online\",\"isPartOf\":{\"@id\":\"https:\/\/chiquitania-turistica.online\/#website\"},\"primaryImageOfPage\":{\"@id\":\"https:\/\/chiquitania-turistica.online\/index.php\/artesanos\/#primaryimage\"},\"image\":{\"@id\":\"https:\/\/chiquitania-turistica.online\/index.php\/artesanos\/#primaryimage\"},\"thumbnailUrl\":\"http:\/\/chiquitania-turistica.online\/wp-content\/uploads\/2024\/04\/travelturismochiquitos-3.jpg\",\"datePublished\":\"2024-04-22T20:54:07+00:00\",\"dateModified\":\"2025-02-26T21:28:42+00:00\",\"breadcrumb\":{\"@id\":\"https:\/\/chiquitania-turistica.online\/index.php\/artesanos\/#breadcrumb\"},\"inLanguage\":\"fr-FR\",\"potentialAction\":[{\"@type\":\"ReadAction\",\"target\":[\"https:\/\/chiquitania-turistica.online\/index.php\/artesanos\/\"]}]},{\"@type\":\"ImageObject\",\"inLanguage\":\"fr-FR\",\"@id\":\"https:\/\/chiquitania-turistica.online\/index.php\/artesanos\/#primaryimage\",\"url\":\"https:\/\/i0.wp.com\/chiquitania-turistica.online\/wp-content\/uploads\/2024\/04\/travelturismochiquitos-3.jpg?fit=391%2C401&ssl=1\",\"contentUrl\":\"https:\/\/i0.wp.com\/chiquitania-turistica.online\/wp-content\/uploads\/2024\/04\/travelturismochiquitos-3.jpg?fit=391%2C401&ssl=1\",\"width\":391,\"height\":401},{\"@type\":\"BreadcrumbList\",\"@id\":\"https:\/\/chiquitania-turistica.online\/index.php\/artesanos\/#breadcrumb\",\"itemListElement\":[{\"@type\":\"ListItem\",\"position\":1,\"name\":\"Accueil\",\"item\":\"https:\/\/chiquitania-turistica.online\/\"},{\"@type\":\"ListItem\",\"position\":2,\"name\":\"Artesania\"}]},{\"@type\":\"WebSite\",\"@id\":\"https:\/\/chiquitania-turistica.online\/#website\",\"url\":\"https:\/\/chiquitania-turistica.online\/\",\"name\":\"chiquitania-turistica.online\",\"description\":\"Webgu\u00eda de la Chiquitania\",\"publisher\":{\"@id\":\"https:\/\/chiquitania-turistica.online\/#organization\"},\"potentialAction\":[{\"@type\":\"SearchAction\",\"target\":{\"@type\":\"EntryPoint\",\"urlTemplate\":\"https:\/\/chiquitania-turistica.online\/?s={search_term_string}\"},\"query-input\":{\"@type\":\"PropertyValueSpecification\",\"valueRequired\":true,\"valueName\":\"search_term_string\"}}],\"inLanguage\":\"fr-FR\"},{\"@type\":\"Organization\",\"@id\":\"https:\/\/chiquitania-turistica.online\/#organization\",\"name\":\"chiquitania-turistica.online\",\"url\":\"https:\/\/chiquitania-turistica.online\/\",\"logo\":{\"@type\":\"ImageObject\",\"inLanguage\":\"fr-FR\",\"@id\":\"https:\/\/chiquitania-turistica.online\/#\/schema\/logo\/image\/\",\"url\":\"https:\/\/i0.wp.com\/chiquitania-turistica.online\/wp-content\/uploads\/2024\/04\/cropped-logo.jpg?fit=198%2C138&ssl=1\",\"contentUrl\":\"https:\/\/i0.wp.com\/chiquitania-turistica.online\/wp-content\/uploads\/2024\/04\/cropped-logo.jpg?fit=198%2C138&ssl=1\",\"width\":198,\"height\":138,\"caption\":\"chiquitania-turistica.online\"},\"image\":{\"@id\":\"https:\/\/chiquitania-turistica.online\/#\/schema\/logo\/image\/\"},\"sameAs\":[\"https:\/\/www.facebook.com\/INGENIERIA4.0\/\",\"https:\/\/chat.whatsapp.com\/Ci7D06NFHtG9cd3oBZo1iQ\"]}]}<\/script>\n<!-- \/ Yoast SEO plugin. -->","yoast_head_json":{"title":"Artesania - chiquitania-turistica.online","robots":{"index":"index","follow":"follow","max-snippet":"max-snippet:-1","max-image-preview":"max-image-preview:large","max-video-preview":"max-video-preview:-1"},"canonical":"https:\/\/chiquitania-turistica.online\/index.php\/artesanos\/","og_locale":"fr_FR","og_type":"article","og_title":"Artesania - chiquitania-turistica.online","og_description":"La Paz La Chiquitania boliviana es conocida por su rica tradici\u00f3n artesanal, especialmente en las \u00e1reas de tallado de madera, tejido en telar y pintura. Los artesanos de la regi\u00f3n crean objetos decorativos e indumentaria, siendo la m\u00e1scara de El Abuelo Chiquitano una de las creaciones m\u00e1s famosas. Estas artesan\u00edas reflejan el legado de las [&hellip;]","og_url":"https:\/\/chiquitania-turistica.online\/index.php\/artesanos\/","og_site_name":"chiquitania-turistica.online","article_publisher":"https:\/\/www.facebook.com\/INGENIERIA4.0\/","article_modified_time":"2025-02-26T21:28:42+00:00","og_image":[{"url":"http:\/\/chiquitania-turistica.online\/wp-content\/uploads\/2024\/04\/travelturismochiquitos-3.jpg","type":"","width":"","height":""}],"twitter_card":"summary_large_image","twitter_misc":{"Dur\u00e9e de lecture estim\u00e9e":"2 minutes"},"schema":{"@context":"https:\/\/schema.org","@graph":[{"@type":"WebPage","@id":"https:\/\/chiquitania-turistica.online\/index.php\/artesanos\/","url":"https:\/\/chiquitania-turistica.online\/index.php\/artesanos\/","name":"Artesania - chiquitania-turistica.online","isPartOf":{"@id":"https:\/\/chiquitania-turistica.online\/#website"},"primaryImageOfPage":{"@id":"https:\/\/chiquitania-turistica.online\/index.php\/artesanos\/#primaryimage"},"image":{"@id":"https:\/\/chiquitania-turistica.online\/index.php\/artesanos\/#primaryimage"},"thumbnailUrl":"http:\/\/chiquitania-turistica.online\/wp-content\/uploads\/2024\/04\/travelturismochiquitos-3.jpg","datePublished":"2024-04-22T20:54:07+00:00","dateModified":"2025-02-26T21:28:42+00:00","breadcrumb":{"@id":"https:\/\/chiquitania-turistica.online\/index.php\/artesanos\/#breadcrumb"},"inLanguage":"fr-FR","potentialAction":[{"@type":"ReadAction","target":["https:\/\/chiquitania-turistica.online\/index.php\/artesanos\/"]}]},{"@type":"ImageObject","inLanguage":"fr-FR","@id":"https:\/\/chiquitania-turistica.online\/index.php\/artesanos\/#primaryimage","url":"https:\/\/i0.wp.com\/chiquitania-turistica.online\/wp-content\/uploads\/2024\/04\/travelturismochiquitos-3.jpg?fit=391%2C401&ssl=1","contentUrl":"https:\/\/i0.wp.com\/chiquitania-turistica.online\/wp-content\/uploads\/2024\/04\/travelturismochiquitos-3.jpg?fit=391%2C401&ssl=1","width":391,"height":401},{"@type":"BreadcrumbList","@id":"https:\/\/chiquitania-turistica.online\/index.php\/artesanos\/#breadcrumb","itemListElement":[{"@type":"ListItem","position":1,"name":"Accueil","item":"https:\/\/chiquitania-turistica.online\/"},{"@type":"ListItem","position":2,"name":"Artesania"}]},{"@type":"WebSite","@id":"https:\/\/chiquitania-turistica.online\/#website","url":"https:\/\/chiquitania-turistica.online\/","name":"chiquitania-turistica.online","description":"Webgu\u00eda de la Chiquitania","publisher":{"@id":"https:\/\/chiquitania-turistica.online\/#organization"},"potentialAction":[{"@type":"SearchAction","target":{"@type":"EntryPoint","urlTemplate":"https:\/\/chiquitania-turistica.online\/?s={search_term_string}"},"query-input":{"@type":"PropertyValueSpecification","valueRequired":true,"valueName":"search_term_string"}}],"inLanguage":"fr-FR"},{"@type":"Organization","@id":"https:\/\/chiquitania-turistica.online\/#organization","name":"chiquitania-turistica.online","url":"https:\/\/chiquitania-turistica.online\/","logo":{"@type":"ImageObject","inLanguage":"fr-FR","@id":"https:\/\/chiquitania-turistica.online\/#\/schema\/logo\/image\/","url":"https:\/\/i0.wp.com\/chiquitania-turistica.online\/wp-content\/uploads\/2024\/04\/cropped-logo.jpg?fit=198%2C138&ssl=1","contentUrl":"https:\/\/i0.wp.com\/chiquitania-turistica.online\/wp-content\/uploads\/2024\/04\/cropped-logo.jpg?fit=198%2C138&ssl=1","width":198,"height":138,"caption":"chiquitania-turistica.online"},"image":{"@id":"https:\/\/chiquitania-turistica.online\/#\/schema\/logo\/image\/"},"sameAs":["https:\/\/www.facebook.com\/INGENIERIA4.0\/","https:\/\/chat.whatsapp.com\/Ci7D06NFHtG9cd3oBZo1iQ"]}]}},"_links":{"self":[{"href":"https:\/\/chiquitania-turistica.online\/index.php\/wp-json\/wp\/v2\/pages\/579","targetHints":{"allow":["GET"]}}],"collection":[{"href":"https:\/\/chiquitania-turistica.online\/index.php\/wp-json\/wp\/v2\/pages"}],"about":[{"href":"https:\/\/chiquitania-turistica.online\/index.php\/wp-json\/wp\/v2\/types\/page"}],"author":[{"embeddable":true,"href":"https:\/\/chiquitania-turistica.online\/index.php\/wp-json\/wp\/v2\/users\/1"}],"replies":[{"embeddable":true,"href":"https:\/\/chiquitania-turistica.online\/index.php\/wp-json\/wp\/v2\/comments?post=579"}],"version-history":[{"count":4,"href":"https:\/\/chiquitania-turistica.online\/index.php\/wp-json\/wp\/v2\/pages\/579\/revisions"}],"predecessor-version":[{"id":902,"href":"https:\/\/chiquitania-turistica.online\/index.php\/wp-json\/wp\/v2\/pages\/579\/revisions\/902"}],"wp:attachment":[{"href":"https:\/\/chiquitania-turistica.online\/index.php\/wp-json\/wp\/v2\/media?parent=579"}],"curies":[{"name":"wp","href":"https:\/\/api.w.org\/{rel}","templated":true}]}}