{"id":346,"date":"2024-04-15T10:26:13","date_gmt":"2024-04-15T08:26:13","guid":{"rendered":"https:\/\/chiquitania-turistica.online\/?page_id=346"},"modified":"2024-09-25T11:24:01","modified_gmt":"2024-09-25T09:24:01","slug":"viaje-a-la-chiquitania","status":"publish","type":"page","link":"https:\/\/chiquitania-turistica.online\/index.php\/viaje-a-la-chiquitania\/","title":{"rendered":"Su Viaje a la Chiquitania"},"content":{"rendered":"\n<!-- clock widget start -->\n<script type=\"text\/javascript\"> var css_file=document.createElement(\"link\"); css_file.setAttribute(\"rel\",\"stylesheet\"); css_file.setAttribute(\"type\",\"text\/css\"); css_file.setAttribute(\"href\",\"https:\/\/s.bookcdn.com\/\/css\/cl\/bw-cl-c22.css?v=0.0.1\"); document.getElementsByTagName(\"head\")[0].appendChild(css_file); <\/script> <div id=\"tw_22_1411931424\"><div style=\"width:200px; height:px; margin: 0 auto;\"><a href=\"https:\/\/hotelmix.es\/time\/la-paz-13481\">La Paz<\/a><br\/><\/div><\/div> <script type=\"text\/javascript\"> function setWidgetData_1411931424(data){ if(typeof(data) != 'undefined' && data.results.length > 0) { for(var i = 0; i < data.results.length; ++i) { var objMainBlock = ''; var params = data.results[i]; objMainBlock = document.getElementById('tw_'+params.widget_type+'_'+params.widget_id); if(objMainBlock !== null) objMainBlock.innerHTML = params.html_code; } } } var clock_timer_1411931424 = -1; widgetSrc = \"https:\/\/widgets.booked.net\/time\/info?ver=2;domid=582;type=22;id=1411931424;scode=70241;city_id=;wlangid=4;mode=1;details=0;background=ffffff;border_color=ffffff;color=686868;add_background=ffffff;add_color=333333;head_color=ffffff;border=0;transparent=0\"; var widgetUrl = location.href; widgetSrc += '&#038;ref=' + widgetUrl; var wstrackId = \"\"; if (wstrackId) { widgetSrc += ';wstrackId=' + wstrackId + ';' } var timeBookedScript = document.createElement(\"script\"); timeBookedScript.setAttribute(\"type\", \"text\/javascript\"); timeBookedScript.src = widgetSrc; document.body.appendChild(timeBookedScript); <\/script>\n<!-- clock widget end -->\n\n\n<div class=\"wp-block-image\">\n<figure class=\"aligncenter size-full\"><img data-recalc-dims=\"1\" fetchpriority=\"high\" decoding=\"async\" width=\"391\" height=\"401\" src=\"https:\/\/i0.wp.com\/chiquitania-turistica.online\/wp-content\/uploads\/2024\/04\/travelturismochiquitos-3.jpg?resize=391%2C401\" alt=\"\" class=\"wp-image-183\" srcset=\"https:\/\/i0.wp.com\/chiquitania-turistica.online\/wp-content\/uploads\/2024\/04\/travelturismochiquitos-3.jpg?w=391&amp;ssl=1 391w, https:\/\/i0.wp.com\/chiquitania-turistica.online\/wp-content\/uploads\/2024\/04\/travelturismochiquitos-3.jpg?resize=293%2C300&amp;ssl=1 293w\" sizes=\"(max-width: 391px) 100vw, 391px\" \/><\/figure><\/div>\n\n<div class=\"wp-block-image\">\n<figure class=\"aligncenter size-full\"><img data-recalc-dims=\"1\" decoding=\"async\" width=\"800\" height=\"478\" src=\"https:\/\/i0.wp.com\/chiquitania-turistica.online\/wp-content\/uploads\/2024\/04\/carte-de-base-pour-les-tours.jpg?resize=800%2C478\" alt=\"\" class=\"wp-image-347\" srcset=\"https:\/\/i0.wp.com\/chiquitania-turistica.online\/wp-content\/uploads\/2024\/04\/carte-de-base-pour-les-tours.jpg?w=990&amp;ssl=1 990w, https:\/\/i0.wp.com\/chiquitania-turistica.online\/wp-content\/uploads\/2024\/04\/carte-de-base-pour-les-tours.jpg?resize=300%2C179&amp;ssl=1 300w, https:\/\/i0.wp.com\/chiquitania-turistica.online\/wp-content\/uploads\/2024\/04\/carte-de-base-pour-les-tours.jpg?resize=768%2C458&amp;ssl=1 768w\" sizes=\"(max-width: 800px) 100vw, 800px\" \/><\/figure><\/div>\n\n\n<h1 class=\"wp-block-heading\">Viajar a la chiquitania <strong>  <\/strong><\/h1>\n\n\n\n<p>Un tour de 3 d\u00edas y 2 noches por la Chiquitania, una regi\u00f3n del departamento de Santa Cruz en Bolivia, puede ser una experiencia enriquecedora y emocionante. A continuaci\u00f3n, te ofrecemos una descripci\u00f3n de c\u00f3mo podr\u00eda ser este recorrido utilizando <strong>transportes p\u00fablicos \u00fanicamente<\/strong>.<\/p>\n\n\n\n<h2 class=\"wp-block-heading\"><strong>D\u00eda 1:<\/strong><\/h2>\n\n\n\n<ul class=\"wp-block-list\">\n<li>Comienza tu viaje en la Terminal de Autobuses de Santa Cruz de la Sierra, donde puedes tomar un micro o una flota que te llevar\u00e1 a San Jos\u00e9 de Chiquitos. El trayecto de unas 3 horas y media tiene un costo de 60 BOB (alrededor de 8,50 USD)[2].<\/li>\n\n\n\n<li>Una vez en San Jos\u00e9 de Chiquitos, te recomendamos alojarte en <a href=\"https:\/\/www.elsuto-aparthotel.net\/\">el Suto Apartho<\/a><a href=\"https:\/\/www.google.com\/maps\/place\/El+Sut%C3%B3+Apart+Hotel\/@-17.8524043,-60.7433299,16.68z\/data=!4m9!3m8!1s0x938d031460cdcf37:0xb91cbb72a97d1552!5m2!4m1!1i2!8m2!3d-17.8524158!4d-60.7413028!16s%2Fg%2F11c6cph7gg?entry=ttu\">tel<\/a><a href=\"https:\/\/www.elsuto-aparthotel.net\/\">,<\/a> que tiene muy buena reputaci\u00f3n en los buscador de hoteles <\/li>\n\n\n\n<li>Una Habitaci\u00f3n matrimonial cuesta por unos 250 bob \/Noche (alrededor de 35,00 USD). dos noches son 450 bob para la habitaci\u00f3n matrimonial( alrededor de 65 USD) desayuno, wifi,TV cable, A\/C <\/li>\n\n\n\n<li>La se\u00f1ora Roxana hace descuentos siempre los finales de semana y se acepta tarjetas Master y Visa <\/li>\n\n\n\n<li>Este hotel es cerca de Santa Cruz la Vieja, el Mirador, el balneario el Sut\u00f3, la valle de la Luna y el museo de  Santa Cruz la Vieja.  <\/li>\n\n\n\n<li><\/li>\n<\/ul>\n\n\n\n<h2 class=\"wp-block-heading\"><strong>D\u00eda 2:<\/strong><\/h2>\n\n\n\n<ul class=\"wp-block-list\">\n<li>Desde San Jos\u00e9 de Chiquitos, toma un taxi recomendado por <a href=\"https:\/\/www.elsuto-aparthotel.net\/\">el Suto Apart hotel <\/a>hacia Aguas Caliente, es un viaje de unas 2 horas y media. Despu\u00e9s vas a almuerza al pueblo de Santiago de Chiquitos,  Visita la iglesia de Santiago de Chiquitos y descubre sus tesoros hist\u00f3ricos .<\/li>\n\n\n\n<li>Luego, de retorno a San Jose de Chiquitos vas a parar Chochis y visitar el santuario y la Muelle puedes dirigirte de vuelta a San Jose de Chiquitos para una cena en uno de los restaurantes de la Plaza de la Iglesia. <\/li>\n<\/ul>\n\n\n\n<h2 class=\"wp-block-heading\"><strong>D\u00eda 3:<\/strong><\/h2>\n\n\n\n<ul class=\"wp-block-list\">\n<li>Se puede aprovechar la Ma\u00f1ana del tercero dia los otros lugares que no has visitados como ser la iglesia de San Jos\u00e9 de Chiquitos, una de las misiones jesuitas de la regi\u00f3n, y descubre su rica historia y arquitectura, tiene un museo interesante[2].Las artesanas est\u00e1n en su puesto sobre la plaza principal. <\/li>\n\n\n\n<li>Desde de la terminal de San Jos\u00e9 de Chiquitos, toma un micro o una flota de regreso a Santa Cruz de la Sierra, con un tiempo de viaje de unas 3 horas y media[2].<\/li>\n\n\n\n<li>Este programa  corto ( viernes a la tarde hasta domingo a la noche te permite una experiencia m\u00e1s c\u00f3moda y organizada en la Chiquitania<\/li>\n<\/ul>\n\n\n\n<h2 class=\"wp-block-heading\"><strong>Opci\u00f3n: la ruta de las Misiones Jesu\u00edticas de Bolivia <\/strong><\/h2>\n\n\n\n<h2 class=\"wp-block-heading\"><strong>Dia 4 <\/strong><\/h2>\n\n\n\n<ul class=\"wp-block-list\">\n<li>Con la noche del domingo a Lunes en <a href=\"https:\/\/www.elsuto-aparthotel.net\/\">el Suto Apart hotel<\/a> puedes aprovechar visitar las misiones jesu\u00edticas al mismo tiempo que la Chiquitania<\/li>\n\n\n\n<li>Para organizar una visita a las misiones bolivianas saliendo de San Jos\u00e9 de Chiquitos temprano, debes planificar tu itinerario. Puedes comenzar visitando la Misi\u00f3n Jesu\u00edtica de  San Rafael, y despues la mission de San Miguel, para llegar a san Ignacio. <\/li>\n\n\n\n<li>Para llegar a Santa Cruz de la Sierra desde San Ignacio de Velasco en Bolivia, puedes considerar la opci\u00f3n de pernoctar en San Ignacio o continuar hasta Santa Cruz la misma noche del lunes. Si decides no quedarte en San Ignacio, el tiempo de viaje aproximado es de 6\/7 horas <\/li>\n\n\n\n<li>Es recomendable investigar los horarios de apertura, tarifas de entrada y servicios disponibles en cada misi\u00f3n antes de tu viaje. Sin embargo, debes tomar en cuenta que el trayecto puede ser afectado por factores como el clima<a href=\"https:\/\/www.meteored.com.ar\/tiempo-en_San%2BIgnacio-America%2BSur-Argentina-Misiones--1-16076.html\" target=\"_blank\" rel=\"noreferrer noopener\">2<\/a> o condiciones de la ruta.<\/li>\n\n\n\n<li>Si prefieres pasar una noche en San Ignacio, puedes encontrar alojamientos tur\u00edsticos en el centro de la ciudad.&nbsp;Esto te permitir\u00eda disfrutar m\u00e1s tranquilamente de la ciudad y sus alrededores, as\u00ed como descansar antes de continuar tu viaje al d\u00eda siguiente.<\/li>\n\n\n\n<li>En definitiva, la decisi\u00f3n de pasar o no una noche en San Ignacio depende de tus preferencias y la planificaci\u00f3n de tu itinerario.<\/li>\n\n\n\n<li>Es muy importante tener en cuenta que los horarios y disponibilidad de los micros o Flotas pueden variar,se recomienda verificar directamente en la terminal las diferentes opciones para viajar y evitar malas sorpresas. Adem\u00e1s, es recomendable llevar suficiente efectivo, ya que los micros , comerciante no siempre aceptan tarjetas de cr\u00e9dito o d\u00e9bito en pueblos peque\u00f1os.<\/li>\n\n\n\n<li>Este programa  mas completo de 3 noche o 4 noches  te permite una experiencia m\u00e1s practica visitando dos cl\u00e1sicos del turismo boliviano de una sola vez , la Chiquitania y las Misiones<\/li>\n\n\n\n<li>Citations:<br>[1] <a href=\"http:\/\/www.facebook.com\/chiquitaniatoursscz\">http:\/\/www.facebook.com\/chiquitaniatoursscz<\/a><br>[2] <a href=\"https:\/\/anemhi.com\/es\/la-chiquitania\/\">https:\/\/anemhi.com\/es\/la-chiquitania\/<\/a><br>[3] <a href=\"https:\/\/www.lonelyplanet.es\/america-del-sur\/bolivia\">https:\/\/www.lonelyplanet.es\/america-del-sur\/bolivia<\/a><br>[4] <a href=\"https:\/\/www.amborotours.com\/san-javier-misiones-jesuitas-bolivia.html\">https:\/\/www.amborotours.com\/san-javier-misiones-jesuitas-bolivia.html<\/a><br>[5]<a href=\" https:\/\/www.estropical.com\/EN\/closedtour\/PKG-12172830-1 \"> https:\/\/www.estropical.com\/EN\/closedtour\/PKG-12172830-1 <\/a><br>[6] <a href=\"https:\/\/www.routard.com\/guide\/bolivie\/2403\/itineraires_conseilles.htm\">https:\/\/www.routard.com\/guide\/bolivie\/2403\/itineraires_conseilles.htm<\/a><\/li>\n<\/ul>\n\n\n\n<figure class=\"wp-block-embed aligncenter is-type-video is-provider-youtube wp-block-embed-youtube wp-embed-aspect-4-3 wp-has-aspect-ratio\"><div class=\"wp-block-embed__wrapper\">\n<iframe  style=\"display: block; margin: 0px auto;\"  id=\"_ytid_80776\"  width=\"800\" height=\"450\"  data-origwidth=\"800\" data-origheight=\"450\"  data-relstop=\"1\" src=\"https:\/\/www.youtube.com\/embed\/WTYOXm8gi_Q?enablejsapi=1&#038;autoplay=0&#038;cc_load_policy=0&#038;cc_lang_pref=&#038;iv_load_policy=1&#038;loop=0&#038;rel=0&#038;fs=1&#038;playsinline=0&#038;autohide=2&#038;theme=dark&#038;color=red&#038;controls=1&#038;disablekb=0&#038;\" class=\"__youtube_prefs__  epyt-is-override  no-lazyload\" title=\"YouTube player\"  allow=\"fullscreen; accelerometer; autoplay; clipboard-write; encrypted-media; gyroscope; picture-in-picture; web-share\" referrerpolicy=\"strict-origin-when-cross-origin\" allowfullscreen data-no-lazy=\"1\" data-skipgform_ajax_framebjll=\"\"><\/iframe>\n<\/div><\/figure>\n\n\n\n<ul class=\"wp-block-list\">\n<li>navegaci\u00f3n interior <\/li>\n\n\n\n<li><a href=\"https:\/\/chiquitania-turistica.online\/index.php\/chiquitania\/\">https:\/\/chiquitania-turistica.online\/index.php\/chiquitania\/<\/a><\/li>\n\n\n\n<li><a href=\"https:\/\/chiquitania-turistica.online\/index.php\/ciudadrobore\/\">https:\/\/chiquitania-turistica.online\/index.php\/ciudadrobore\/<\/a><\/li>\n\n\n\n<li><a href=\"https:\/\/chiquitania-turistica.online\/index.php\/ciudadsanjose\/\">https:\/\/chiquitania-turistica.online\/index.php\/ciudadsanjose\/<\/a><\/li>\n\n\n\n<li><a href=\"https:\/\/chiquitania-turistica.online\/index.php\/ciudadpailon\/\">https:\/\/chiquitania-turistica.online\/index.php\/ciudadpailon\/<\/a><\/li>\n\n\n\n<li><a href=\"https:\/\/chiquitania-turistica.online\/index.php\/pueblo-ciudad\/\">https:\/\/chiquitania-turistica.online\/index.php\/pueblo-ciudad\/<\/a><\/li>\n\n\n\n<li><a href=\"https:\/\/chiquitania-turistica.online\/index.php\/sanjose-2\/\">https:\/\/chiquitania-turistica.online\/index.php\/sanjose-2\/<\/a><\/li>\n\n\n\n<li><a href=\"https:\/\/chiquitania-turistica.online\/index.php\/vieja\/\">https:\/\/chiquitania-turistica.online\/index.php\/vieja\/<\/a><\/li>\n\n\n\n<li><a href=\"https:\/\/chiquitania-turistica.online\/index.php\/robore\/\">https:\/\/chiquitania-turistica.online\/index.php\/robore\/<\/a><\/li>\n\n\n\n<li><a href=\"https:\/\/chiquitania-turistica.online\/index.php\/aguascalientes\/\">https:\/\/chiquitania-turistica.online\/index.php\/aguascalientes\/<\/a><\/li>\n\n\n\n<li><a href=\"https:\/\/chiquitania-turistica.online\/index.php\/chochis\/\">https:\/\/chiquitania-turistica.online\/index.php\/chochis\/<\/a><\/li>\n\n\n\n<li><a href=\"https:\/\/chiquitania-turistica.online\/index.php\/tucavaca\/\">https:\/\/chiquitania-turistica.online\/index.php\/tucavaca\/<\/a><\/li>\n\n\n\n<li><a href=\"https:\/\/chiquitania-turistica.online\/index.php\/santiago\/\">https:\/\/chiquitania-turistica.online\/index.php\/santiago\/<\/a><\/li>\n\n\n\n<li><a href=\"https:\/\/chiquitania-turistica.online\/index.php\/ganaderia\/\">https:\/\/chiquitania-turistica.online\/index.php\/ganaderia\/<\/a><\/li>\n\n\n\n<li><a href=\"https:\/\/chiquitania-turistica.online\/index.php\/aguascalientes-2\/\">https:\/\/chiquitania-turistica.online\/index.php\/aguascalientes-2\/<\/a><\/li>\n\n\n\n<li><a href=\"https:\/\/chiquitania-turistica.online\/index.php\/misiones\/\">https:\/\/chiquitania-turistica.online\/index.php\/misiones\/<\/a><\/li>\n\n\n\n<li><a href=\"https:\/\/chiquitania-turistica.online\/index.php\/musica\/\">https:\/\/chiquitania-turistica.online\/index.php\/musica\/<\/a><\/li>\n\n\n\n<li><a href=\"https:\/\/chiquitania-turistica.online\/index.php\/viaje-a-la-chiquitania\/\">https:\/\/chiquitania-turistica.online\/index.php\/viaje-a-la-chiquitania\/<\/a><\/li>\n\n\n\n<li><a href=\"https:\/\/chiquitania-turistica.online\/index.php\/transporte-publico\/\">https:\/\/chiquitania-turistica.online\/index.php\/transporte-publico\/<\/a><\/li>\n<\/ul>\n\n\n<div class=\"wp-block-image\">\n<figure class=\"aligncenter size-full\"><img data-recalc-dims=\"1\" decoding=\"async\" width=\"192\" height=\"209\" src=\"https:\/\/i0.wp.com\/chiquitania-turistica.online\/wp-content\/uploads\/2024\/04\/provincia-chiquitos25-100.jpg?resize=192%2C209\" alt=\"\" class=\"wp-image-23\"\/><\/figure><\/div>\n\n\n<p><\/p>\n","protected":false},"excerpt":{"rendered":"<p>La Paz Viajar a la chiquitania Un tour de 3 d\u00edas y 2 noches por la Chiquitania, una regi\u00f3n del departamento de Santa Cruz en Bolivia, puede ser una experiencia enriquecedora y emocionante. A continuaci\u00f3n, te ofrecemos una descripci\u00f3n de c\u00f3mo podr\u00eda ser este recorrido utilizando transportes p\u00fablicos \u00fanicamente. D\u00eda 1: D\u00eda 2: D\u00eda 3: [&hellip;]<\/p>\n","protected":false},"author":1,"featured_media":0,"parent":0,"menu_order":0,"comment_status":"closed","ping_status":"closed","template":"","meta":{"footnotes":""},"class_list":["post-346","page","type-page","status-publish","hentry"],"yoast_head":"<!-- This site is optimized with the Yoast SEO plugin v26.8 - https:\/\/yoast.com\/product\/yoast-seo-wordpress\/ -->\n<title>Su Viaje a la Chiquitania - chiquitania-turistica.online<\/title>\n<meta name=\"robots\" content=\"index, follow, max-snippet:-1, max-image-preview:large, max-video-preview:-1\" \/>\n<link rel=\"canonical\" href=\"https:\/\/chiquitania-turistica.online\/index.php\/viaje-a-la-chiquitania\/\" \/>\n<meta property=\"og:locale\" content=\"fr_FR\" \/>\n<meta property=\"og:type\" content=\"article\" \/>\n<meta property=\"og:title\" content=\"Su Viaje a la Chiquitania - chiquitania-turistica.online\" \/>\n<meta property=\"og:description\" content=\"La Paz Viajar a la chiquitania Un tour de 3 d\u00edas y 2 noches por la Chiquitania, una regi\u00f3n del departamento de Santa Cruz en Bolivia, puede ser una experiencia enriquecedora y emocionante. A continuaci\u00f3n, te ofrecemos una descripci\u00f3n de c\u00f3mo podr\u00eda ser este recorrido utilizando transportes p\u00fablicos \u00fanicamente. D\u00eda 1: D\u00eda 2: D\u00eda 3: [&hellip;]\" \/>\n<meta property=\"og:url\" content=\"https:\/\/chiquitania-turistica.online\/index.php\/viaje-a-la-chiquitania\/\" \/>\n<meta property=\"og:site_name\" content=\"chiquitania-turistica.online\" \/>\n<meta property=\"article:publisher\" content=\"https:\/\/www.facebook.com\/INGENIERIA4.0\/\" \/>\n<meta property=\"article:modified_time\" content=\"2024-09-25T09:24:01+00:00\" \/>\n<meta property=\"og:image\" content=\"http:\/\/chiquitania-turistica.online\/wp-content\/uploads\/2024\/04\/travelturismochiquitos-3.jpg\" \/>\n<meta name=\"twitter:card\" content=\"summary_large_image\" \/>\n<meta name=\"twitter:label1\" content=\"Dur\u00e9e de lecture estim\u00e9e\" \/>\n\t<meta name=\"twitter:data1\" content=\"5 minutes\" \/>\n<script type=\"application\/ld+json\" class=\"yoast-schema-graph\">{\"@context\":\"https:\/\/schema.org\",\"@graph\":[{\"@type\":\"WebPage\",\"@id\":\"https:\/\/chiquitania-turistica.online\/index.php\/viaje-a-la-chiquitania\/\",\"url\":\"https:\/\/chiquitania-turistica.online\/index.php\/viaje-a-la-chiquitania\/\",\"name\":\"Su Viaje a la Chiquitania - chiquitania-turistica.online\",\"isPartOf\":{\"@id\":\"https:\/\/chiquitania-turistica.online\/#website\"},\"primaryImageOfPage\":{\"@id\":\"https:\/\/chiquitania-turistica.online\/index.php\/viaje-a-la-chiquitania\/#primaryimage\"},\"image\":{\"@id\":\"https:\/\/chiquitania-turistica.online\/index.php\/viaje-a-la-chiquitania\/#primaryimage\"},\"thumbnailUrl\":\"http:\/\/chiquitania-turistica.online\/wp-content\/uploads\/2024\/04\/travelturismochiquitos-3.jpg\",\"datePublished\":\"2024-04-15T08:26:13+00:00\",\"dateModified\":\"2024-09-25T09:24:01+00:00\",\"breadcrumb\":{\"@id\":\"https:\/\/chiquitania-turistica.online\/index.php\/viaje-a-la-chiquitania\/#breadcrumb\"},\"inLanguage\":\"fr-FR\",\"potentialAction\":[{\"@type\":\"ReadAction\",\"target\":[\"https:\/\/chiquitania-turistica.online\/index.php\/viaje-a-la-chiquitania\/\"]}]},{\"@type\":\"ImageObject\",\"inLanguage\":\"fr-FR\",\"@id\":\"https:\/\/chiquitania-turistica.online\/index.php\/viaje-a-la-chiquitania\/#primaryimage\",\"url\":\"https:\/\/i0.wp.com\/chiquitania-turistica.online\/wp-content\/uploads\/2024\/04\/travelturismochiquitos-3.jpg?fit=391%2C401&ssl=1\",\"contentUrl\":\"https:\/\/i0.wp.com\/chiquitania-turistica.online\/wp-content\/uploads\/2024\/04\/travelturismochiquitos-3.jpg?fit=391%2C401&ssl=1\",\"width\":391,\"height\":401},{\"@type\":\"BreadcrumbList\",\"@id\":\"https:\/\/chiquitania-turistica.online\/index.php\/viaje-a-la-chiquitania\/#breadcrumb\",\"itemListElement\":[{\"@type\":\"ListItem\",\"position\":1,\"name\":\"Accueil\",\"item\":\"https:\/\/chiquitania-turistica.online\/\"},{\"@type\":\"ListItem\",\"position\":2,\"name\":\"Su Viaje a la Chiquitania\"}]},{\"@type\":\"WebSite\",\"@id\":\"https:\/\/chiquitania-turistica.online\/#website\",\"url\":\"https:\/\/chiquitania-turistica.online\/\",\"name\":\"chiquitania-turistica.online\",\"description\":\"Webgu\u00eda de la Chiquitania\",\"publisher\":{\"@id\":\"https:\/\/chiquitania-turistica.online\/#organization\"},\"potentialAction\":[{\"@type\":\"SearchAction\",\"target\":{\"@type\":\"EntryPoint\",\"urlTemplate\":\"https:\/\/chiquitania-turistica.online\/?s={search_term_string}\"},\"query-input\":{\"@type\":\"PropertyValueSpecification\",\"valueRequired\":true,\"valueName\":\"search_term_string\"}}],\"inLanguage\":\"fr-FR\"},{\"@type\":\"Organization\",\"@id\":\"https:\/\/chiquitania-turistica.online\/#organization\",\"name\":\"chiquitania-turistica.online\",\"url\":\"https:\/\/chiquitania-turistica.online\/\",\"logo\":{\"@type\":\"ImageObject\",\"inLanguage\":\"fr-FR\",\"@id\":\"https:\/\/chiquitania-turistica.online\/#\/schema\/logo\/image\/\",\"url\":\"https:\/\/i0.wp.com\/chiquitania-turistica.online\/wp-content\/uploads\/2024\/04\/cropped-logo.jpg?fit=198%2C138&ssl=1\",\"contentUrl\":\"https:\/\/i0.wp.com\/chiquitania-turistica.online\/wp-content\/uploads\/2024\/04\/cropped-logo.jpg?fit=198%2C138&ssl=1\",\"width\":198,\"height\":138,\"caption\":\"chiquitania-turistica.online\"},\"image\":{\"@id\":\"https:\/\/chiquitania-turistica.online\/#\/schema\/logo\/image\/\"},\"sameAs\":[\"https:\/\/www.facebook.com\/INGENIERIA4.0\/\",\"https:\/\/chat.whatsapp.com\/Ci7D06NFHtG9cd3oBZo1iQ\"]}]}<\/script>\n<!-- \/ Yoast SEO plugin. -->","yoast_head_json":{"title":"Su Viaje a la Chiquitania - chiquitania-turistica.online","robots":{"index":"index","follow":"follow","max-snippet":"max-snippet:-1","max-image-preview":"max-image-preview:large","max-video-preview":"max-video-preview:-1"},"canonical":"https:\/\/chiquitania-turistica.online\/index.php\/viaje-a-la-chiquitania\/","og_locale":"fr_FR","og_type":"article","og_title":"Su Viaje a la Chiquitania - chiquitania-turistica.online","og_description":"La Paz Viajar a la chiquitania Un tour de 3 d\u00edas y 2 noches por la Chiquitania, una regi\u00f3n del departamento de Santa Cruz en Bolivia, puede ser una experiencia enriquecedora y emocionante. A continuaci\u00f3n, te ofrecemos una descripci\u00f3n de c\u00f3mo podr\u00eda ser este recorrido utilizando transportes p\u00fablicos \u00fanicamente. D\u00eda 1: D\u00eda 2: D\u00eda 3: [&hellip;]","og_url":"https:\/\/chiquitania-turistica.online\/index.php\/viaje-a-la-chiquitania\/","og_site_name":"chiquitania-turistica.online","article_publisher":"https:\/\/www.facebook.com\/INGENIERIA4.0\/","article_modified_time":"2024-09-25T09:24:01+00:00","og_image":[{"url":"http:\/\/chiquitania-turistica.online\/wp-content\/uploads\/2024\/04\/travelturismochiquitos-3.jpg","type":"","width":"","height":""}],"twitter_card":"summary_large_image","twitter_misc":{"Dur\u00e9e de lecture estim\u00e9e":"5 minutes"},"schema":{"@context":"https:\/\/schema.org","@graph":[{"@type":"WebPage","@id":"https:\/\/chiquitania-turistica.online\/index.php\/viaje-a-la-chiquitania\/","url":"https:\/\/chiquitania-turistica.online\/index.php\/viaje-a-la-chiquitania\/","name":"Su Viaje a la Chiquitania - chiquitania-turistica.online","isPartOf":{"@id":"https:\/\/chiquitania-turistica.online\/#website"},"primaryImageOfPage":{"@id":"https:\/\/chiquitania-turistica.online\/index.php\/viaje-a-la-chiquitania\/#primaryimage"},"image":{"@id":"https:\/\/chiquitania-turistica.online\/index.php\/viaje-a-la-chiquitania\/#primaryimage"},"thumbnailUrl":"http:\/\/chiquitania-turistica.online\/wp-content\/uploads\/2024\/04\/travelturismochiquitos-3.jpg","datePublished":"2024-04-15T08:26:13+00:00","dateModified":"2024-09-25T09:24:01+00:00","breadcrumb":{"@id":"https:\/\/chiquitania-turistica.online\/index.php\/viaje-a-la-chiquitania\/#breadcrumb"},"inLanguage":"fr-FR","potentialAction":[{"@type":"ReadAction","target":["https:\/\/chiquitania-turistica.online\/index.php\/viaje-a-la-chiquitania\/"]}]},{"@type":"ImageObject","inLanguage":"fr-FR","@id":"https:\/\/chiquitania-turistica.online\/index.php\/viaje-a-la-chiquitania\/#primaryimage","url":"https:\/\/i0.wp.com\/chiquitania-turistica.online\/wp-content\/uploads\/2024\/04\/travelturismochiquitos-3.jpg?fit=391%2C401&ssl=1","contentUrl":"https:\/\/i0.wp.com\/chiquitania-turistica.online\/wp-content\/uploads\/2024\/04\/travelturismochiquitos-3.jpg?fit=391%2C401&ssl=1","width":391,"height":401},{"@type":"BreadcrumbList","@id":"https:\/\/chiquitania-turistica.online\/index.php\/viaje-a-la-chiquitania\/#breadcrumb","itemListElement":[{"@type":"ListItem","position":1,"name":"Accueil","item":"https:\/\/chiquitania-turistica.online\/"},{"@type":"ListItem","position":2,"name":"Su Viaje a la Chiquitania"}]},{"@type":"WebSite","@id":"https:\/\/chiquitania-turistica.online\/#website","url":"https:\/\/chiquitania-turistica.online\/","name":"chiquitania-turistica.online","description":"Webgu\u00eda de la Chiquitania","publisher":{"@id":"https:\/\/chiquitania-turistica.online\/#organization"},"potentialAction":[{"@type":"SearchAction","target":{"@type":"EntryPoint","urlTemplate":"https:\/\/chiquitania-turistica.online\/?s={search_term_string}"},"query-input":{"@type":"PropertyValueSpecification","valueRequired":true,"valueName":"search_term_string"}}],"inLanguage":"fr-FR"},{"@type":"Organization","@id":"https:\/\/chiquitania-turistica.online\/#organization","name":"chiquitania-turistica.online","url":"https:\/\/chiquitania-turistica.online\/","logo":{"@type":"ImageObject","inLanguage":"fr-FR","@id":"https:\/\/chiquitania-turistica.online\/#\/schema\/logo\/image\/","url":"https:\/\/i0.wp.com\/chiquitania-turistica.online\/wp-content\/uploads\/2024\/04\/cropped-logo.jpg?fit=198%2C138&ssl=1","contentUrl":"https:\/\/i0.wp.com\/chiquitania-turistica.online\/wp-content\/uploads\/2024\/04\/cropped-logo.jpg?fit=198%2C138&ssl=1","width":198,"height":138,"caption":"chiquitania-turistica.online"},"image":{"@id":"https:\/\/chiquitania-turistica.online\/#\/schema\/logo\/image\/"},"sameAs":["https:\/\/www.facebook.com\/INGENIERIA4.0\/","https:\/\/chat.whatsapp.com\/Ci7D06NFHtG9cd3oBZo1iQ"]}]}},"_links":{"self":[{"href":"https:\/\/chiquitania-turistica.online\/index.php\/wp-json\/wp\/v2\/pages\/346","targetHints":{"allow":["GET"]}}],"collection":[{"href":"https:\/\/chiquitania-turistica.online\/index.php\/wp-json\/wp\/v2\/pages"}],"about":[{"href":"https:\/\/chiquitania-turistica.online\/index.php\/wp-json\/wp\/v2\/types\/page"}],"author":[{"embeddable":true,"href":"https:\/\/chiquitania-turistica.online\/index.php\/wp-json\/wp\/v2\/users\/1"}],"replies":[{"embeddable":true,"href":"https:\/\/chiquitania-turistica.online\/index.php\/wp-json\/wp\/v2\/comments?post=346"}],"version-history":[{"count":10,"href":"https:\/\/chiquitania-turistica.online\/index.php\/wp-json\/wp\/v2\/pages\/346\/revisions"}],"predecessor-version":[{"id":850,"href":"https:\/\/chiquitania-turistica.online\/index.php\/wp-json\/wp\/v2\/pages\/346\/revisions\/850"}],"wp:attachment":[{"href":"https:\/\/chiquitania-turistica.online\/index.php\/wp-json\/wp\/v2\/media?parent=346"}],"curies":[{"name":"wp","href":"https:\/\/api.w.org\/{rel}","templated":true}]}}