{"id":326,"date":"2024-04-14T21:19:31","date_gmt":"2024-04-14T19:19:31","guid":{"rendered":"https:\/\/chiquitania-turistica.online\/?page_id=326"},"modified":"2024-09-25T11:05:46","modified_gmt":"2024-09-25T09:05:46","slug":"pueblo-ciudad","status":"publish","type":"page","link":"https:\/\/chiquitania-turistica.online\/index.php\/pueblo-ciudad\/","title":{"rendered":"De pueblo Provincial a Ciudad intermedia"},"content":{"rendered":"\n<!-- clock widget start -->\n<script type=\"text\/javascript\"> var css_file=document.createElement(\"link\"); css_file.setAttribute(\"rel\",\"stylesheet\"); css_file.setAttribute(\"type\",\"text\/css\"); css_file.setAttribute(\"href\",\"https:\/\/s.bookcdn.com\/\/css\/cl\/bw-cl-c22.css?v=0.0.1\"); document.getElementsByTagName(\"head\")[0].appendChild(css_file); <\/script> <div id=\"tw_22_1465735150\"><div style=\"width:200px; height:px; margin: 0 auto;\"><a href=\"https:\/\/hotelmix.es\/time\/la-paz-13481\">La Paz<\/a><br\/><\/div><\/div> <script type=\"text\/javascript\"> function setWidgetData_1465735150(data){ if(typeof(data) != 'undefined' && data.results.length > 0) { for(var i = 0; i < data.results.length; ++i) { var objMainBlock = ''; var params = data.results[i]; objMainBlock = document.getElementById('tw_'+params.widget_type+'_'+params.widget_id); if(objMainBlock !== null) objMainBlock.innerHTML = params.html_code; } } } var clock_timer_1465735150 = -1; widgetSrc = \"https:\/\/widgets.booked.net\/time\/info?ver=2;domid=582;type=22;id=1465735150;scode=70241;city_id=;wlangid=4;mode=1;details=0;background=ffffff;border_color=ffffff;color=686868;add_background=ffffff;add_color=333333;head_color=ffffff;border=0;transparent=0\"; var widgetUrl = location.href; widgetSrc += '&#038;ref=' + widgetUrl; var wstrackId = \"\"; if (wstrackId) { widgetSrc += ';wstrackId=' + wstrackId + ';' } var timeBookedScript = document.createElement(\"script\"); timeBookedScript.setAttribute(\"type\", \"text\/javascript\"); timeBookedScript.src = widgetSrc; document.body.appendChild(timeBookedScript); <\/script>\n<!-- clock widget end -->\n\n\n<div class=\"wp-block-image\">\n<figure class=\"aligncenter size-full\"><img data-recalc-dims=\"1\" decoding=\"async\" width=\"200\" height=\"191\" src=\"https:\/\/i0.wp.com\/chiquitania-turistica.online\/wp-content\/uploads\/2024\/04\/banderasanjosedechiquitos-2.jpg?resize=200%2C191\" alt=\"\" class=\"wp-image-116\"\/><\/figure><\/div>\n\n\n<h2 class=\"wp-block-heading has-text-align-left\">Definici\u00f3n conceptual de la ciudad intermedia<\/h2>\n\n\n\n<p>Las ciudades intermedias son entidades urbanas que se caracterizan por una gran cantidad de interacciones con su territorio circundante y con otras ciudades[1][3]. Estas ciudades act\u00faan como intermediarios entre las grandes metr\u00f3polis y las \u00e1reas rurales, generando relaciones de interdependencia con su entorno y fomentando el desarrollo de las zonas rurales adyacentes[1][3].<\/p>\n\n\n\n<p>El concepto de ciudad intermedia ha evolucionado desde una definici\u00f3n basada \u00fanicamente en el n\u00famero de habitantes hacia una comprensi\u00f3n m\u00e1s amplia que incluye las funciones y roles que desempe\u00f1an estas ciudades en sus regiones[1][3]. Aunque no existe una definici\u00f3n \u00fanica y consensuada, las ciudades intermedias suelen tener una poblaci\u00f3n entre 100.000 y un mill\u00f3n de habitantes y desempe\u00f1an un papel clave en la descentralizaci\u00f3n y cooperaci\u00f3n entre municipios para impulsar y promover el desarrollo local y regional[4].<\/p>\n\n\n\n<p>La Red Mundial de Ciudades y Gobiernos Locales y Regionales define y clasifica como \"Ciudades Intermedias\" a aquellos territorios que crean nexos entre zonas rurales y urbanas mayores, con una poblaci\u00f3n de entre 100 mil y un mill\u00f3n de habitantes[4]. Sin embargo, en los \u00faltimos veinte a\u00f1os, organizaciones debatieron y concluyeron que las ciudades intermedias no pueden definirse s\u00f3lo en t\u00e9rminos demogr\u00e1ficos, tambi\u00e9n tienen que hacerlo contemplando y entendiendo su realidad regional, nacional y local[4].<\/p>\n\n\n\n<h2 class=\"wp-block-heading\">Papel de una ciudad intermedia para un pais como Bolivia<\/h2>\n\n\n\n<p>Las ciudades intermedias ofrecen importantes oportunidades de desarrollo sostenible y resiliencia, especialmente en Am\u00e9rica Latina, donde el Banco de Desarrollo de Am\u00e9rica Latina y el Caribe (CAF) ha apoyado iniciativas en al menos 30 ciudades intermedias de la regi\u00f3n en \u00e1reas como educaci\u00f3n, transporte, ambiente y cambio clim\u00e1tico[4]. En resumen, las ciudades intermedias son entidades urbanas que desempe\u00f1an un papel clave en la interconexi\u00f3n entre las zonas rurales y urbanas, fomentando el desarrollo sostenible y la cooperaci\u00f3n entre municipios. Aunque no existe una definici\u00f3n \u00fanica y consensuada, estas ciudades suelen tener una poblaci\u00f3n entre 100.000 y un mill\u00f3n de habitantes y desempe\u00f1an un papel crucial en la descentralizaci\u00f3n y promoci\u00f3n del desarrollo local y regional.<\/p>\n\n\n\n<h2 class=\"wp-block-heading\"> Caso de san Jose de chiquitos<\/h2>\n\n\n\n<p>La ciudad intermedia de San Jos\u00e9 de Chiquitos, ubicada en la provincia de Chiquitos, tiene un papel importante en el desarrollo de la regi\u00f3n. Con una poblaci\u00f3n de alrededor de 16.600 habitantes en 2001, el municipio estaba experimentando una disminuci\u00f3n en la poblaci\u00f3n debido a la falta de servicios b\u00e1sicos y oportunidades econ\u00f3micas[1]. Sin embargo, el municipio cuenta con varios elementos que podr\u00edan formar la base para un proceso de desarrollo sostenible, como el legado de las misiones jesu\u00edticas bolivianas, que fueron declaradas Patrimonio Cultural de la Humanidad por la UNESCO en 1990[1]. Adem\u00e1s, el municipio tiene un entorno natural \u00fanico y una cultura rica que combina las creencias y tradiciones ind\u00edgenas prehisp\u00e1nicas con el importante aporte dejado por las reducciones jesu\u00edticas, incluyendo una pasi\u00f3n por la m\u00fasica barroca[1].<\/p>\n\n\n\n<h2 class=\"wp-block-heading\">La vision futurista y apuntada del Dr. Germain Caballero Vargas <\/h2>\n\n\n\n<p>El que fue alcalde electo y re-electo de San Jos\u00e9 de Chiquitos, Germa\u00edn Caballero Vargas, ha desempe\u00f1ado en 2 mandatos un papel clave en el desarrollo del municipio. Despu\u00e9s de identificar la vocaci\u00f3n tur\u00edstica del territorio, se propuso transformar a San Jos\u00e9 de Chiquitos en un municipio tur\u00edstico modelo en 10 a\u00f1os[1]. Para avanzar en la agenda tur\u00edstica, se centr\u00f3 en mejorar los servicios b\u00e1sicos y la infraestructura, como el agua, saneamiento, electrificaci\u00f3n, educaci\u00f3n y salud[1].<\/p>\n\n\n\n<p>El Plan Departamental de Ordenamiento Territorial de Santa Cruz (PDOT) identifica a <strong>San Jos\u00e9 de Chiquitos como una de las 30 ciudades intermedias que deben ser fortalecidas en el departamento de Santa Cruz<\/strong>[4]. El PDOT tiene como objetivo reducir las diferencias regionales a trav\u00e9s de una mejor distribuci\u00f3n de las actividades productivas, de los asentamientos poblacionales y de los servicios, lo que contribuir\u00e1 al desarrollo sostenible de la regi\u00f3n[4].<\/p>\n\n\n\n<p>En resumen, la ciudad intermedia de San Jos\u00e9 de Chiquitos en la provincia de Chiquitos tiene un papel crucial en el desarrollo sostenible de la regi\u00f3n. A trav\u00e9s de la preservaci\u00f3n de su patrimonio cultural y natural, el fortalecimiento de sus servicios b\u00e1sicos y la promoci\u00f3n del turismo, el municipio puede aprovechar sus recursos y oportunidades para impulsar el progreso y el bienestar de su poblaci\u00f3n.<\/p>\n\n\n<div class=\"wp-block-image\">\n<figure class=\"aligncenter size-full\"><img data-recalc-dims=\"1\" fetchpriority=\"high\" decoding=\"async\" width=\"225\" height=\"224\" src=\"https:\/\/i0.wp.com\/chiquitania-turistica.online\/wp-content\/uploads\/2024\/04\/descarga.jpeg?resize=225%2C224&#038;ssl=1\" alt=\"\" class=\"wp-image-327\" srcset=\"https:\/\/i0.wp.com\/chiquitania-turistica.online\/wp-content\/uploads\/2024\/04\/descarga.jpeg?w=225&amp;ssl=1 225w, https:\/\/i0.wp.com\/chiquitania-turistica.online\/wp-content\/uploads\/2024\/04\/descarga.jpeg?resize=150%2C150&amp;ssl=1 150w\" sizes=\"(max-width: 225px) 100vw, 225px\" \/><\/figure><\/div>\n\n\n<p class=\"has-text-align-center\"><a href=\"https:\/\/ciudadesintermedias.org.bo\/investigadores\/germain-caballero-vargas\/\">El doctor Germain Caballero Vargas <\/a><\/p>\n\n\n\n<h2 class=\"wp-block-heading\">La carretera San Ignacio -San Jose vector de integraci\u00f3n<\/h2>\n\n\n\n<p>La construcci\u00f3n de la carretera San Jos\u00e9 - San Ignacio ha significado un avance significativo para el desarrollo de estas dos ciudades en el departamento de Santa Cruz. Esta carretera, que tiene una longitud de 206,35 km y una inversi\u00f3n de $us 230 millones, ha logrado un progreso del 39% en su construcci\u00f3n. La empresa encargada, China State Construction Engineering Corporation Ltda, est\u00e1 llevando a cabo este proyecto que cerrar\u00e1 el corredor bioce\u00e1nico, conectando Puerto Su\u00e1rez con San Jos\u00e9 de Chiquitos, San Ignacio de Velasco, Concepci\u00f3n y otras localidades. Adem\u00e1s, la construcci\u00f3n de esta carretera ha sido un impulso importante para la infraestructura vial de la regi\u00f3n, facilitando la conectividad y el desarrollo econ\u00f3mico de las \u00e1reas involucradas.<\/p>\n\n\n\n<p>Citas.<\/p>\n\n\n\n<ul class=\"wp-block-list\">\n<li><a href=\"https:\/\/ciudadesintermedias.org.bo\/\">https:\/\/ciudadesintermedias.org.bo\/<\/a><\/li>\n\n\n\n<li><a href=\"https:\/\/blogs.worldbank.org\/es\/latinamerica\/cinco-ejes-estrat-gicos-para-ciudades-intermedias-en-bolivia\">https:\/\/blogs.worldbank.org\/es\/latinamerica\/cinco-ejes-estrat-gicos-para-ciudades-intermedias-en-bolivia<\/a><\/li>\n\n\n\n<li><a href=\"http:\/\/www.scielo.org.bo\/scielo.php?script=sci_arttext&amp;pid=S2306-86712017000200005\">http:\/\/www.scielo.org.bo\/scielo.php?script=sci_arttext&amp;pid=S2306-86712017000200005<\/a><\/li>\n\n\n\n<li><a href=\"https:\/\/cadecocruz.org.bo\/index.php?op=200&amp;gr=1&amp;nw=6619\">https:\/\/cadecocruz.org.bo\/index.php?op=200&amp;gr=1&amp;nw=6619<\/a><\/li>\n\n\n\n<li><a href=\"http:\/\/documents1.worldbank.org\/curated\/en\/687511499411788542\/pdf\/117252-BRI-SPANISH-PUBLIC-Intermediate-Cities-in-Bolivia.pdf\">http:\/\/documents1.worldbank.org\/curated\/en\/687511499411788542\/pdf\/117252-BRI-SPANISH-PUBLIC-Intermediate-Cities-in-Bolivia.pdf<\/a><\/li>\n\n\n\n<li><a href=\"http:\/\/www.scielo.org.bo\/scielo.php?pid=S2306-86712017000200005&amp;script=sci_arttext\">http:\/\/www.scielo.org.bo\/scielo.php?pid=S2306-86712017000200005&amp;script=sci_arttext<\/a> &nbsp;&nbsp;<\/li>\n\n\n\n<li><a href=\"https:\/\/es.slideshare.net\/doctora_edilicia\/pdm-san-jos-de-chiquitos\">https:\/\/es.slideshare.net\/doctora_edilicia\/pdm-san-jos-de-chiquitos<\/a> &nbsp;<\/li>\n\n\n\n<li><a href=\"https:\/\/repositorio.umsa.bo\/bitstream\/handle\/123456789\/2039\/T-1104.pdf?isAllowed=y&amp;sequence=1\">https:\/\/repositorio.umsa.bo\/bitstream\/handle\/123456789\/2039\/T-1104.pdf?isAllowed=y&amp;sequence=1<\/a><\/li>\n\n\n\n<li><a href=\"https:\/\/sdsnbolivia.org\/visitando-el-municipio-turistico-modelo-san-jose-de-chiquitos\/\">https:\/\/sdsnbolivia.org\/visitando-el-municipio-turistico-modelo-san-jose-de-chiquitos\/<\/a><\/li>\n\n\n\n<li><a href=\"https:\/\/www.academia.edu\/48301362\/Las_ciudades_intermedias_concepto_y_dimensiones\">https:\/\/www.academia.edu\/48301362\/Las_ciudades_intermedias_concepto_y_dimensiones<\/a><\/li>\n\n\n\n<li><a href=\"https:\/\/www.cascz.org\/stock\/DescargaFiles\/pdot-noviembre-2012.pdf\">https:\/\/www.cascz.org\/stock\/DescargaFiles\/pdot-noviembre-2012.pdf<\/a><\/li>\n\n\n\n<li><a href=\"https:\/\/www.comunicacion.gob.bo\/?q=20181004%2F26047\">https:\/\/www.comunicacion.gob.bo\/?q=20181004%2F26047<\/a><\/li>\n\n\n\n<li><a href=\"https:\/\/www.mascomunidad.org.ar\/ciudades-intermedias-que-son-que-proponen-cuales-son-sus-desafios\/\">https:\/\/www.mascomunidad.org.ar\/ciudades-intermedias-que-son-que-proponen-cuales-son-sus-desafios\/<\/a><\/li>\n\n\n\n<li><a href=\"https:\/\/www.noticiasfides.com\/economia\/empresa-china-construira-tramo-san-jose-san-ignacio-por-us-230-millon\">https:\/\/www.noticiasfides.com\/economia\/empresa-china-construira-tramo-san-jose-san-ignacio-por-us-230-millon<\/a><\/li>\n\n\n\n<li><a href=\"https:\/\/www.oopp.gob.bo\/la-carretera-san-jose-de-chiquitos-san-ignacio-de-velasco-tiene-un-avance-del-39\/\">https:\/\/www.oopp.gob.bo\/la-carretera-san-jose-de-chiquitos-san-ignacio-de-velasco-tiene-un-avance-del-39\/<\/a><\/li>\n\n\n\n<li><a href=\"https:\/\/www.scielo.cl\/scielo.php?pid=S0250-71612017000300161&amp;script=sci_arttext\">https:\/\/www.scielo.cl\/scielo.php?pid=S0250-71612017000300161&amp;script=sci_arttext<\/a><\/li>\n<\/ul>\n\n\n\n<p> <br><\/p>\n\n\n\n<div id=\"cont_91f655bb3857b0bf3d5543673d23cc69\"><script type=\"text\/javascript\" async src=\"https:\/\/www.meteored.com.bo\/wid_loader\/91f655bb3857b0bf3d5543673d23cc69\"><\/script><\/div>\n\n\n<div class=\"wp-block-image\">\n<figure class=\"aligncenter size-full\"><img data-recalc-dims=\"1\" decoding=\"async\" width=\"652\" height=\"479\" src=\"https:\/\/i0.wp.com\/chiquitania-turistica.online\/wp-content\/uploads\/2024\/04\/la-provincia-chiquitos-1.jpg?resize=652%2C479\" alt=\"\" class=\"wp-image-84\" srcset=\"https:\/\/i0.wp.com\/chiquitania-turistica.online\/wp-content\/uploads\/2024\/04\/la-provincia-chiquitos-1.jpg?w=652&amp;ssl=1 652w, https:\/\/i0.wp.com\/chiquitania-turistica.online\/wp-content\/uploads\/2024\/04\/la-provincia-chiquitos-1.jpg?resize=300%2C220&amp;ssl=1 300w\" sizes=\"(max-width: 652px) 100vw, 652px\" \/><\/figure><\/div>","protected":false},"excerpt":{"rendered":"<p>La Paz Definici\u00f3n conceptual de la ciudad intermedia Las ciudades intermedias son entidades urbanas que se caracterizan por una gran cantidad de interacciones con su territorio circundante y con otras ciudades[1][3]. Estas ciudades act\u00faan como intermediarios entre las grandes metr\u00f3polis y las \u00e1reas rurales, generando relaciones de interdependencia con su entorno y fomentando el desarrollo [&hellip;]<\/p>\n","protected":false},"author":1,"featured_media":0,"parent":0,"menu_order":0,"comment_status":"closed","ping_status":"closed","template":"","meta":{"footnotes":""},"class_list":["post-326","page","type-page","status-publish","hentry"],"yoast_head":"<!-- This site is optimized with the Yoast SEO plugin v26.8 - https:\/\/yoast.com\/product\/yoast-seo-wordpress\/ -->\n<title>De pueblo Provincial a Ciudad intermedia - chiquitania-turistica.online<\/title>\n<meta name=\"robots\" content=\"index, follow, max-snippet:-1, max-image-preview:large, max-video-preview:-1\" \/>\n<link rel=\"canonical\" href=\"https:\/\/chiquitania-turistica.online\/index.php\/pueblo-ciudad\/\" \/>\n<meta property=\"og:locale\" content=\"fr_FR\" \/>\n<meta property=\"og:type\" content=\"article\" \/>\n<meta property=\"og:title\" content=\"De pueblo Provincial a Ciudad intermedia - chiquitania-turistica.online\" \/>\n<meta property=\"og:description\" content=\"La Paz Definici\u00f3n conceptual de la ciudad intermedia Las ciudades intermedias son entidades urbanas que se caracterizan por una gran cantidad de interacciones con su territorio circundante y con otras ciudades[1][3]. Estas ciudades act\u00faan como intermediarios entre las grandes metr\u00f3polis y las \u00e1reas rurales, generando relaciones de interdependencia con su entorno y fomentando el desarrollo [&hellip;]\" \/>\n<meta property=\"og:url\" content=\"https:\/\/chiquitania-turistica.online\/index.php\/pueblo-ciudad\/\" \/>\n<meta property=\"og:site_name\" content=\"chiquitania-turistica.online\" \/>\n<meta property=\"article:publisher\" content=\"https:\/\/www.facebook.com\/INGENIERIA4.0\/\" \/>\n<meta property=\"article:modified_time\" content=\"2024-09-25T09:05:46+00:00\" \/>\n<meta property=\"og:image\" content=\"http:\/\/chiquitania-turistica.online\/wp-content\/uploads\/2024\/04\/banderasanjosedechiquitos-2.jpg\" \/>\n<meta name=\"twitter:card\" content=\"summary_large_image\" \/>\n<meta name=\"twitter:label1\" content=\"Dur\u00e9e de lecture estim\u00e9e\" \/>\n\t<meta name=\"twitter:data1\" content=\"5 minutes\" \/>\n<script type=\"application\/ld+json\" class=\"yoast-schema-graph\">{\"@context\":\"https:\/\/schema.org\",\"@graph\":[{\"@type\":\"WebPage\",\"@id\":\"https:\/\/chiquitania-turistica.online\/index.php\/pueblo-ciudad\/\",\"url\":\"https:\/\/chiquitania-turistica.online\/index.php\/pueblo-ciudad\/\",\"name\":\"De pueblo Provincial a Ciudad intermedia - chiquitania-turistica.online\",\"isPartOf\":{\"@id\":\"https:\/\/chiquitania-turistica.online\/#website\"},\"primaryImageOfPage\":{\"@id\":\"https:\/\/chiquitania-turistica.online\/index.php\/pueblo-ciudad\/#primaryimage\"},\"image\":{\"@id\":\"https:\/\/chiquitania-turistica.online\/index.php\/pueblo-ciudad\/#primaryimage\"},\"thumbnailUrl\":\"http:\/\/chiquitania-turistica.online\/wp-content\/uploads\/2024\/04\/banderasanjosedechiquitos-2.jpg\",\"datePublished\":\"2024-04-14T19:19:31+00:00\",\"dateModified\":\"2024-09-25T09:05:46+00:00\",\"breadcrumb\":{\"@id\":\"https:\/\/chiquitania-turistica.online\/index.php\/pueblo-ciudad\/#breadcrumb\"},\"inLanguage\":\"fr-FR\",\"potentialAction\":[{\"@type\":\"ReadAction\",\"target\":[\"https:\/\/chiquitania-turistica.online\/index.php\/pueblo-ciudad\/\"]}]},{\"@type\":\"ImageObject\",\"inLanguage\":\"fr-FR\",\"@id\":\"https:\/\/chiquitania-turistica.online\/index.php\/pueblo-ciudad\/#primaryimage\",\"url\":\"https:\/\/i0.wp.com\/chiquitania-turistica.online\/wp-content\/uploads\/2024\/04\/banderasanjosedechiquitos-2.jpg?fit=200%2C191&ssl=1\",\"contentUrl\":\"https:\/\/i0.wp.com\/chiquitania-turistica.online\/wp-content\/uploads\/2024\/04\/banderasanjosedechiquitos-2.jpg?fit=200%2C191&ssl=1\",\"width\":200,\"height\":191},{\"@type\":\"BreadcrumbList\",\"@id\":\"https:\/\/chiquitania-turistica.online\/index.php\/pueblo-ciudad\/#breadcrumb\",\"itemListElement\":[{\"@type\":\"ListItem\",\"position\":1,\"name\":\"Accueil\",\"item\":\"https:\/\/chiquitania-turistica.online\/\"},{\"@type\":\"ListItem\",\"position\":2,\"name\":\"De pueblo Provincial a Ciudad intermedia\"}]},{\"@type\":\"WebSite\",\"@id\":\"https:\/\/chiquitania-turistica.online\/#website\",\"url\":\"https:\/\/chiquitania-turistica.online\/\",\"name\":\"chiquitania-turistica.online\",\"description\":\"Webgu\u00eda de la Chiquitania\",\"publisher\":{\"@id\":\"https:\/\/chiquitania-turistica.online\/#organization\"},\"potentialAction\":[{\"@type\":\"SearchAction\",\"target\":{\"@type\":\"EntryPoint\",\"urlTemplate\":\"https:\/\/chiquitania-turistica.online\/?s={search_term_string}\"},\"query-input\":{\"@type\":\"PropertyValueSpecification\",\"valueRequired\":true,\"valueName\":\"search_term_string\"}}],\"inLanguage\":\"fr-FR\"},{\"@type\":\"Organization\",\"@id\":\"https:\/\/chiquitania-turistica.online\/#organization\",\"name\":\"chiquitania-turistica.online\",\"url\":\"https:\/\/chiquitania-turistica.online\/\",\"logo\":{\"@type\":\"ImageObject\",\"inLanguage\":\"fr-FR\",\"@id\":\"https:\/\/chiquitania-turistica.online\/#\/schema\/logo\/image\/\",\"url\":\"https:\/\/i0.wp.com\/chiquitania-turistica.online\/wp-content\/uploads\/2024\/04\/cropped-logo.jpg?fit=198%2C138&ssl=1\",\"contentUrl\":\"https:\/\/i0.wp.com\/chiquitania-turistica.online\/wp-content\/uploads\/2024\/04\/cropped-logo.jpg?fit=198%2C138&ssl=1\",\"width\":198,\"height\":138,\"caption\":\"chiquitania-turistica.online\"},\"image\":{\"@id\":\"https:\/\/chiquitania-turistica.online\/#\/schema\/logo\/image\/\"},\"sameAs\":[\"https:\/\/www.facebook.com\/INGENIERIA4.0\/\",\"https:\/\/chat.whatsapp.com\/Ci7D06NFHtG9cd3oBZo1iQ\"]}]}<\/script>\n<!-- \/ Yoast SEO plugin. -->","yoast_head_json":{"title":"De pueblo Provincial a Ciudad intermedia - chiquitania-turistica.online","robots":{"index":"index","follow":"follow","max-snippet":"max-snippet:-1","max-image-preview":"max-image-preview:large","max-video-preview":"max-video-preview:-1"},"canonical":"https:\/\/chiquitania-turistica.online\/index.php\/pueblo-ciudad\/","og_locale":"fr_FR","og_type":"article","og_title":"De pueblo Provincial a Ciudad intermedia - chiquitania-turistica.online","og_description":"La Paz Definici\u00f3n conceptual de la ciudad intermedia Las ciudades intermedias son entidades urbanas que se caracterizan por una gran cantidad de interacciones con su territorio circundante y con otras ciudades[1][3]. Estas ciudades act\u00faan como intermediarios entre las grandes metr\u00f3polis y las \u00e1reas rurales, generando relaciones de interdependencia con su entorno y fomentando el desarrollo [&hellip;]","og_url":"https:\/\/chiquitania-turistica.online\/index.php\/pueblo-ciudad\/","og_site_name":"chiquitania-turistica.online","article_publisher":"https:\/\/www.facebook.com\/INGENIERIA4.0\/","article_modified_time":"2024-09-25T09:05:46+00:00","og_image":[{"url":"http:\/\/chiquitania-turistica.online\/wp-content\/uploads\/2024\/04\/banderasanjosedechiquitos-2.jpg","type":"","width":"","height":""}],"twitter_card":"summary_large_image","twitter_misc":{"Dur\u00e9e de lecture estim\u00e9e":"5 minutes"},"schema":{"@context":"https:\/\/schema.org","@graph":[{"@type":"WebPage","@id":"https:\/\/chiquitania-turistica.online\/index.php\/pueblo-ciudad\/","url":"https:\/\/chiquitania-turistica.online\/index.php\/pueblo-ciudad\/","name":"De pueblo Provincial a Ciudad intermedia - chiquitania-turistica.online","isPartOf":{"@id":"https:\/\/chiquitania-turistica.online\/#website"},"primaryImageOfPage":{"@id":"https:\/\/chiquitania-turistica.online\/index.php\/pueblo-ciudad\/#primaryimage"},"image":{"@id":"https:\/\/chiquitania-turistica.online\/index.php\/pueblo-ciudad\/#primaryimage"},"thumbnailUrl":"http:\/\/chiquitania-turistica.online\/wp-content\/uploads\/2024\/04\/banderasanjosedechiquitos-2.jpg","datePublished":"2024-04-14T19:19:31+00:00","dateModified":"2024-09-25T09:05:46+00:00","breadcrumb":{"@id":"https:\/\/chiquitania-turistica.online\/index.php\/pueblo-ciudad\/#breadcrumb"},"inLanguage":"fr-FR","potentialAction":[{"@type":"ReadAction","target":["https:\/\/chiquitania-turistica.online\/index.php\/pueblo-ciudad\/"]}]},{"@type":"ImageObject","inLanguage":"fr-FR","@id":"https:\/\/chiquitania-turistica.online\/index.php\/pueblo-ciudad\/#primaryimage","url":"https:\/\/i0.wp.com\/chiquitania-turistica.online\/wp-content\/uploads\/2024\/04\/banderasanjosedechiquitos-2.jpg?fit=200%2C191&ssl=1","contentUrl":"https:\/\/i0.wp.com\/chiquitania-turistica.online\/wp-content\/uploads\/2024\/04\/banderasanjosedechiquitos-2.jpg?fit=200%2C191&ssl=1","width":200,"height":191},{"@type":"BreadcrumbList","@id":"https:\/\/chiquitania-turistica.online\/index.php\/pueblo-ciudad\/#breadcrumb","itemListElement":[{"@type":"ListItem","position":1,"name":"Accueil","item":"https:\/\/chiquitania-turistica.online\/"},{"@type":"ListItem","position":2,"name":"De pueblo Provincial a Ciudad intermedia"}]},{"@type":"WebSite","@id":"https:\/\/chiquitania-turistica.online\/#website","url":"https:\/\/chiquitania-turistica.online\/","name":"chiquitania-turistica.online","description":"Webgu\u00eda de la Chiquitania","publisher":{"@id":"https:\/\/chiquitania-turistica.online\/#organization"},"potentialAction":[{"@type":"SearchAction","target":{"@type":"EntryPoint","urlTemplate":"https:\/\/chiquitania-turistica.online\/?s={search_term_string}"},"query-input":{"@type":"PropertyValueSpecification","valueRequired":true,"valueName":"search_term_string"}}],"inLanguage":"fr-FR"},{"@type":"Organization","@id":"https:\/\/chiquitania-turistica.online\/#organization","name":"chiquitania-turistica.online","url":"https:\/\/chiquitania-turistica.online\/","logo":{"@type":"ImageObject","inLanguage":"fr-FR","@id":"https:\/\/chiquitania-turistica.online\/#\/schema\/logo\/image\/","url":"https:\/\/i0.wp.com\/chiquitania-turistica.online\/wp-content\/uploads\/2024\/04\/cropped-logo.jpg?fit=198%2C138&ssl=1","contentUrl":"https:\/\/i0.wp.com\/chiquitania-turistica.online\/wp-content\/uploads\/2024\/04\/cropped-logo.jpg?fit=198%2C138&ssl=1","width":198,"height":138,"caption":"chiquitania-turistica.online"},"image":{"@id":"https:\/\/chiquitania-turistica.online\/#\/schema\/logo\/image\/"},"sameAs":["https:\/\/www.facebook.com\/INGENIERIA4.0\/","https:\/\/chat.whatsapp.com\/Ci7D06NFHtG9cd3oBZo1iQ"]}]}},"_links":{"self":[{"href":"https:\/\/chiquitania-turistica.online\/index.php\/wp-json\/wp\/v2\/pages\/326","targetHints":{"allow":["GET"]}}],"collection":[{"href":"https:\/\/chiquitania-turistica.online\/index.php\/wp-json\/wp\/v2\/pages"}],"about":[{"href":"https:\/\/chiquitania-turistica.online\/index.php\/wp-json\/wp\/v2\/types\/page"}],"author":[{"embeddable":true,"href":"https:\/\/chiquitania-turistica.online\/index.php\/wp-json\/wp\/v2\/users\/1"}],"replies":[{"embeddable":true,"href":"https:\/\/chiquitania-turistica.online\/index.php\/wp-json\/wp\/v2\/comments?post=326"}],"version-history":[{"count":10,"href":"https:\/\/chiquitania-turistica.online\/index.php\/wp-json\/wp\/v2\/pages\/326\/revisions"}],"predecessor-version":[{"id":829,"href":"https:\/\/chiquitania-turistica.online\/index.php\/wp-json\/wp\/v2\/pages\/326\/revisions\/829"}],"wp:attachment":[{"href":"https:\/\/chiquitania-turistica.online\/index.php\/wp-json\/wp\/v2\/media?parent=326"}],"curies":[{"name":"wp","href":"https:\/\/api.w.org\/{rel}","templated":true}]}}