{"id":305,"date":"2024-04-14T21:37:42","date_gmt":"2024-04-14T19:37:42","guid":{"rendered":"https:\/\/chiquitania-turistica.online\/?page_id=305"},"modified":"2024-09-25T11:25:50","modified_gmt":"2024-09-25T09:25:50","slug":"transporte-publico","status":"publish","type":"page","link":"https:\/\/chiquitania-turistica.online\/index.php\/transporte-publico\/","title":{"rendered":"Transporte Publico"},"content":{"rendered":"<div class=\"wp-block-image\">\n<figure class=\"aligncenter size-full\"><img data-recalc-dims=\"1\" fetchpriority=\"high\" decoding=\"async\" width=\"391\" height=\"401\" src=\"https:\/\/i0.wp.com\/chiquitania-turistica.online\/wp-content\/uploads\/2024\/04\/travelturismochiquitos-3.jpg?resize=391%2C401\" alt=\"\" class=\"wp-image-183\" srcset=\"https:\/\/i0.wp.com\/chiquitania-turistica.online\/wp-content\/uploads\/2024\/04\/travelturismochiquitos-3.jpg?w=391&amp;ssl=1 391w, https:\/\/i0.wp.com\/chiquitania-turistica.online\/wp-content\/uploads\/2024\/04\/travelturismochiquitos-3.jpg?resize=293%2C300&amp;ssl=1 293w\" sizes=\"(max-width: 391px) 100vw, 391px\" \/><\/figure><\/div>\n\n\n<figure class=\"wp-block-embed is-type-video is-provider-youtube wp-block-embed-youtube wp-embed-aspect-16-9 wp-has-aspect-ratio\"><div class=\"wp-block-embed__wrapper\">\n<iframe  style=\"display: block; margin: 0px auto;\"  id=\"_ytid_14969\"  width=\"800\" height=\"450\"  data-origwidth=\"800\" data-origheight=\"450\"  data-relstop=\"1\" src=\"https:\/\/www.youtube.com\/embed\/AnZab9jNiow?enablejsapi=1&#038;autoplay=0&#038;cc_load_policy=0&#038;cc_lang_pref=&#038;iv_load_policy=1&#038;loop=0&#038;rel=0&#038;fs=1&#038;playsinline=0&#038;autohide=2&#038;theme=dark&#038;color=red&#038;controls=1&#038;disablekb=0&#038;\" class=\"__youtube_prefs__  epyt-is-override  no-lazyload\" title=\"YouTube player\"  allow=\"fullscreen; accelerometer; autoplay; clipboard-write; encrypted-media; gyroscope; picture-in-picture; web-share\" referrerpolicy=\"strict-origin-when-cross-origin\" allowfullscreen data-no-lazy=\"1\" data-skipgform_ajax_framebjll=\"\"><\/iframe>\n<\/div><\/figure>\n\n\n\n<p>La Terminal Bimodal de Santa Cruz de la Sierra es un importante proyecto que busca descongestionar el tr\u00e1fico y mejorar la movilidad urbana en la ciudad. Se ubicar\u00e1 en la zona oeste Doble v\u00eda la Guardia, zona este Virgen de Cotoca y norte Cristo Redentor, con el objetivo de facilitar el traslado de un lugar a otro, generando eficiencia y mejor calidad de vida para los ciudadanos[1]. Esta terminal se construir\u00e1 en terrenos con un \u00e1rea m\u00ednima de 5 hect\u00e1reas y formar\u00e1 parte de un plan integral de tr\u00e1nsito y transporte del Gobierno Municipal de Santa Cruz de la Sierra[1]. Adem\u00e1s, se prev\u00e9 que las terminales bimodales se ubiquen en las principales avenidas de acceso a la ciudad, como la Av. Virgen de Cotoca, Av. Banzer y Av. Doble V\u00eda a La Guardia, con el prop\u00f3sito de evitar la congesti\u00f3n de transporte interprovincial e interdepartamental en el centro de la ciudad[1].<\/p>\n\n\n\n<p>En resumen, la Terminal Bimodal de Santa Cruz de la Sierra es un proyecto clave para mejorar la movilidad urbana y la calidad de vida de los habitantes de la ciudad, aliviando la congesti\u00f3n vehicular y facilitando el desplazamiento eficiente de un lugar a otro.<\/p>\n\n\n\n<p>Citations:<br>[1] https:\/\/contactoconstruccion.com\/la-nueva-terminal\/<br>[2]https:\/\/www.researchgate.net\/publication\/350035574_TRANSPORTES_PASAJEROS_Y_VIAS_Aproximaciones_a_la_historia_de_la_integracion_boliviana<br>[3] http:\/\/wikimapia.org\/2073497\/es\/Terminal-Bimodal-Santa-Cruz-de-la-Sierra<br>[4] https:\/\/biblioteca-repositorio.clacso.edu.ar\/bitstream\/CLACSO\/171193\/1\/Patrimonio-industrial.pdf<\/p>\n\n\n<div class=\"wp-block-image\">\n<figure class=\"aligncenter size-full\"><img data-recalc-dims=\"1\" decoding=\"async\" width=\"798\" height=\"606\" src=\"https:\/\/i0.wp.com\/chiquitania-turistica.online\/wp-content\/uploads\/2024\/04\/las-erminales-1.jpg?resize=798%2C606\" alt=\"\" class=\"wp-image-308\" srcset=\"https:\/\/i0.wp.com\/chiquitania-turistica.online\/wp-content\/uploads\/2024\/04\/las-erminales-1.jpg?w=798&amp;ssl=1 798w, https:\/\/i0.wp.com\/chiquitania-turistica.online\/wp-content\/uploads\/2024\/04\/las-erminales-1.jpg?resize=300%2C228&amp;ssl=1 300w, https:\/\/i0.wp.com\/chiquitania-turistica.online\/wp-content\/uploads\/2024\/04\/las-erminales-1.jpg?resize=768%2C583&amp;ssl=1 768w\" sizes=\"(max-width: 798px) 100vw, 798px\" \/><\/figure><\/div>\n\n\n<h2 class=\"wp-block-heading\">Servicio de Flotas a las provincias desde de Santa Cruz de la sierra<\/h2>\n\n\n\n<p>Se usa la parte Verde de la terminal Bimodal, se entra por la avenida terminal bimodal . Las flotas son seguras, modernas y son c\u00f3modas con aires acondicionados y Ba\u00f1os, son bus camas es decir que duerma bien en los sillones<\/p>\n\n\n<div class=\"wp-block-image\">\n<figure class=\"aligncenter size-full is-resized\"><img data-recalc-dims=\"1\" decoding=\"async\" width=\"259\" height=\"194\" src=\"https:\/\/i0.wp.com\/chiquitania-turistica.online\/wp-content\/uploads\/2024\/04\/folta-grande.jpeg?resize=259%2C194\" alt=\"\" class=\"wp-image-317\" style=\"width:697px;height:auto\"\/><\/figure><\/div>\n\n<div class=\"wp-block-image\">\n<figure class=\"aligncenter size-full\"><img data-recalc-dims=\"1\" loading=\"lazy\" decoding=\"async\" width=\"800\" height=\"672\" src=\"https:\/\/i0.wp.com\/chiquitania-turistica.online\/wp-content\/uploads\/2024\/04\/TRAJECTIOIDA.jpg?resize=800%2C672\" alt=\"\" class=\"wp-image-318\" srcset=\"https:\/\/i0.wp.com\/chiquitania-turistica.online\/wp-content\/uploads\/2024\/04\/TRAJECTIOIDA.jpg?w=869&amp;ssl=1 869w, https:\/\/i0.wp.com\/chiquitania-turistica.online\/wp-content\/uploads\/2024\/04\/TRAJECTIOIDA.jpg?resize=300%2C252&amp;ssl=1 300w, https:\/\/i0.wp.com\/chiquitania-turistica.online\/wp-content\/uploads\/2024\/04\/TRAJECTIOIDA.jpg?resize=768%2C645&amp;ssl=1 768w\" sizes=\"(max-width: 800px) 100vw, 800px\" \/><\/figure><\/div>\n\n<div class=\"wp-block-image\">\n<figure class=\"aligncenter size-full\"><img data-recalc-dims=\"1\" loading=\"lazy\" decoding=\"async\" width=\"800\" height=\"662\" src=\"https:\/\/i0.wp.com\/chiquitania-turistica.online\/wp-content\/uploads\/2024\/04\/VUELTA.jpg?resize=800%2C662\" alt=\"\" class=\"wp-image-319\" srcset=\"https:\/\/i0.wp.com\/chiquitania-turistica.online\/wp-content\/uploads\/2024\/04\/VUELTA.jpg?w=824&amp;ssl=1 824w, https:\/\/i0.wp.com\/chiquitania-turistica.online\/wp-content\/uploads\/2024\/04\/VUELTA.jpg?resize=300%2C248&amp;ssl=1 300w, https:\/\/i0.wp.com\/chiquitania-turistica.online\/wp-content\/uploads\/2024\/04\/VUELTA.jpg?resize=768%2C636&amp;ssl=1 768w\" sizes=\"(max-width: 800px) 100vw, 800px\" \/><\/figure><\/div>\n\n\n<h2 class=\"wp-block-heading\">Servicios de las asociaciones de Trufis <\/h2>\n\n\n\n<p>Son minibus de 8 a 14 pasajeros que salen cuando est\u00e1n completamente completo a nivel pasajeros  . Cabe resaltar que es el precio es un poco mas bajo que un espacio dentro una flota.<\/p>\n\n\n\n<p>Se entra a este terminal interprovincial (parte verde del plan) por la avenida Brasil entre 3ro y 4to anillo <\/p>\n\n\n<div class=\"wp-block-image\">\n<figure class=\"aligncenter size-large\"><img data-recalc-dims=\"1\" loading=\"lazy\" decoding=\"async\" width=\"800\" height=\"547\" src=\"https:\/\/i0.wp.com\/chiquitania-turistica.online\/wp-content\/uploads\/2024\/04\/TELEFONO-FLOTA.jpg?resize=800%2C547\" alt=\"\" class=\"wp-image-320\" srcset=\"https:\/\/i0.wp.com\/chiquitania-turistica.online\/wp-content\/uploads\/2024\/04\/TELEFONO-FLOTA.jpg?resize=1024%2C700&amp;ssl=1 1024w, https:\/\/i0.wp.com\/chiquitania-turistica.online\/wp-content\/uploads\/2024\/04\/TELEFONO-FLOTA.jpg?resize=300%2C205&amp;ssl=1 300w, https:\/\/i0.wp.com\/chiquitania-turistica.online\/wp-content\/uploads\/2024\/04\/TELEFONO-FLOTA.jpg?resize=768%2C525&amp;ssl=1 768w, https:\/\/i0.wp.com\/chiquitania-turistica.online\/wp-content\/uploads\/2024\/04\/TELEFONO-FLOTA.jpg?w=1176&amp;ssl=1 1176w\" sizes=\"(max-width: 800px) 100vw, 800px\" \/><\/figure><\/div>\n\n<div class=\"wp-block-image\">\n<figure class=\"aligncenter size-full is-resized\"><img data-recalc-dims=\"1\" loading=\"lazy\" decoding=\"async\" width=\"652\" height=\"479\" src=\"https:\/\/i0.wp.com\/chiquitania-turistica.online\/wp-content\/uploads\/2024\/04\/la-provincia-chiquitos-1.jpg?resize=652%2C479\" alt=\"\" class=\"wp-image-84\" style=\"width:312px;height:auto\" srcset=\"https:\/\/i0.wp.com\/chiquitania-turistica.online\/wp-content\/uploads\/2024\/04\/la-provincia-chiquitos-1.jpg?w=652&amp;ssl=1 652w, https:\/\/i0.wp.com\/chiquitania-turistica.online\/wp-content\/uploads\/2024\/04\/la-provincia-chiquitos-1.jpg?resize=300%2C220&amp;ssl=1 300w\" sizes=\"(max-width: 652px) 100vw, 652px\" \/><\/figure><\/div>\n\n\n<div id=\"cont_424357e511e66477d6f94f66c142bf9c\"><script type=\"text\/javascript\" async src=\"https:\/\/www.meteored.com.bo\/wid_loader\/424357e511e66477d6f94f66c142bf9c\"><\/script><\/div>\n\n\n\n<p><\/p>\n\n\n\n<ul class=\"wp-block-list\">\n<li><a href=\"https:\/\/chiquitania-turistica.online\/index.php\/chiquitania\/\">https:\/\/chiquitania-turistica.online\/index.php\/chiquitania\/<\/a><\/li>\n\n\n\n<li><a href=\"https:\/\/chiquitania-turistica.online\/index.php\/ciudadrobore\/\">https:\/\/chiquitania-turistica.online\/index.php\/ciudadrobore\/<\/a><\/li>\n\n\n\n<li><a href=\"https:\/\/chiquitania-turistica.online\/index.php\/ciudadsanjose\/\">https:\/\/chiquitania-turistica.online\/index.php\/ciudadsanjose\/<\/a><\/li>\n\n\n\n<li><a href=\"https:\/\/chiquitania-turistica.online\/index.php\/ciudadpailon\/\">https:\/\/chiquitania-turistica.online\/index.php\/ciudadpailon\/<\/a><\/li>\n\n\n\n<li><a href=\"https:\/\/chiquitania-turistica.online\/index.php\/pueblo-ciudad\/\">https:\/\/chiquitania-turistica.online\/index.php\/pueblo-ciudad\/<\/a><\/li>\n\n\n\n<li><a href=\"https:\/\/chiquitania-turistica.online\/index.php\/sanjose-2\/\">https:\/\/chiquitania-turistica.online\/index.php\/sanjose-2\/<\/a><\/li>\n\n\n\n<li><a href=\"https:\/\/chiquitania-turistica.online\/index.php\/vieja\/\">https:\/\/chiquitania-turistica.online\/index.php\/vieja\/<\/a><\/li>\n\n\n\n<li><a href=\"https:\/\/chiquitania-turistica.online\/index.php\/robore\/\">https:\/\/chiquitania-turistica.online\/index.php\/robore\/<\/a><\/li>\n\n\n\n<li><a href=\"https:\/\/chiquitania-turistica.online\/index.php\/aguascalientes\/\">https:\/\/chiquitania-turistica.online\/index.php\/aguascalientes\/<\/a><\/li>\n\n\n\n<li><a href=\"https:\/\/chiquitania-turistica.online\/index.php\/chochis\/\">https:\/\/chiquitania-turistica.online\/index.php\/chochis\/<\/a><\/li>\n\n\n\n<li><a href=\"https:\/\/chiquitania-turistica.online\/index.php\/tucavaca\/\">https:\/\/chiquitania-turistica.online\/index.php\/tucavaca\/<\/a><\/li>\n\n\n\n<li><a href=\"https:\/\/chiquitania-turistica.online\/index.php\/santiago\/\">https:\/\/chiquitania-turistica.online\/index.php\/santiago\/<\/a><\/li>\n\n\n\n<li><a href=\"https:\/\/chiquitania-turistica.online\/index.php\/ganaderia\/\">https:\/\/chiquitania-turistica.online\/index.php\/ganaderia\/<\/a><\/li>\n\n\n\n<li><a href=\"https:\/\/chiquitania-turistica.online\/index.php\/aguascalientes-2\/\">https:\/\/chiquitania-turistica.online\/index.php\/aguascalientes-2\/<\/a><\/li>\n\n\n\n<li><a href=\"https:\/\/chiquitania-turistica.online\/index.php\/misiones\/\">https:\/\/chiquitania-turistica.online\/index.php\/misiones\/<\/a><\/li>\n\n\n\n<li><a href=\"https:\/\/chiquitania-turistica.online\/index.php\/musica\/\">https:\/\/chiquitania-turistica.online\/index.php\/musica\/<\/a><\/li>\n\n\n\n<li><a href=\"https:\/\/chiquitania-turistica.online\/index.php\/viaje-a-la-chiquitania\/\">https:\/\/chiquitania-turistica.online\/index.php\/viaje-a-la-chiquitania\/<\/a><\/li>\n\n\n\n<li><a href=\"https:\/\/chiquitania-turistica.online\/index.php\/transporte-publico\/\">https:\/\/chiquitania-turistica.online\/index.php\/transporte-publico\/<\/a><\/li>\n<\/ul>\n","protected":false},"excerpt":{"rendered":"<p>La Terminal Bimodal de Santa Cruz de la Sierra es un importante proyecto que busca descongestionar el tr\u00e1fico y mejorar la movilidad urbana en la ciudad. Se ubicar\u00e1 en la zona oeste Doble v\u00eda la Guardia, zona este Virgen de Cotoca y norte Cristo Redentor, con el objetivo de facilitar el traslado de un lugar [&hellip;]<\/p>\n","protected":false},"author":1,"featured_media":0,"parent":0,"menu_order":0,"comment_status":"closed","ping_status":"closed","template":"","meta":{"footnotes":""},"class_list":["post-305","page","type-page","status-publish","hentry"],"yoast_head":"<!-- This site is optimized with the Yoast SEO plugin v26.8 - https:\/\/yoast.com\/product\/yoast-seo-wordpress\/ -->\n<title>Transporte Publico - chiquitania-turistica.online<\/title>\n<meta name=\"robots\" content=\"index, follow, max-snippet:-1, max-image-preview:large, max-video-preview:-1\" \/>\n<link rel=\"canonical\" href=\"https:\/\/chiquitania-turistica.online\/index.php\/transporte-publico\/\" \/>\n<meta property=\"og:locale\" content=\"fr_FR\" \/>\n<meta property=\"og:type\" content=\"article\" \/>\n<meta property=\"og:title\" content=\"Transporte Publico - chiquitania-turistica.online\" \/>\n<meta property=\"og:description\" content=\"La Terminal Bimodal de Santa Cruz de la Sierra es un importante proyecto que busca descongestionar el tr\u00e1fico y mejorar la movilidad urbana en la ciudad. Se ubicar\u00e1 en la zona oeste Doble v\u00eda la Guardia, zona este Virgen de Cotoca y norte Cristo Redentor, con el objetivo de facilitar el traslado de un lugar [&hellip;]\" \/>\n<meta property=\"og:url\" content=\"https:\/\/chiquitania-turistica.online\/index.php\/transporte-publico\/\" \/>\n<meta property=\"og:site_name\" content=\"chiquitania-turistica.online\" \/>\n<meta property=\"article:publisher\" content=\"https:\/\/www.facebook.com\/INGENIERIA4.0\/\" \/>\n<meta property=\"article:modified_time\" content=\"2024-09-25T09:25:50+00:00\" \/>\n<meta property=\"og:image\" content=\"http:\/\/chiquitania-turistica.online\/wp-content\/uploads\/2024\/04\/travelturismochiquitos-3.jpg\" \/>\n<meta name=\"twitter:card\" content=\"summary_large_image\" \/>\n<meta name=\"twitter:label1\" content=\"Dur\u00e9e de lecture estim\u00e9e\" \/>\n\t<meta name=\"twitter:data1\" content=\"4 minutes\" \/>\n<script type=\"application\/ld+json\" class=\"yoast-schema-graph\">{\"@context\":\"https:\/\/schema.org\",\"@graph\":[{\"@type\":\"WebPage\",\"@id\":\"https:\/\/chiquitania-turistica.online\/index.php\/transporte-publico\/\",\"url\":\"https:\/\/chiquitania-turistica.online\/index.php\/transporte-publico\/\",\"name\":\"Transporte Publico - chiquitania-turistica.online\",\"isPartOf\":{\"@id\":\"https:\/\/chiquitania-turistica.online\/#website\"},\"primaryImageOfPage\":{\"@id\":\"https:\/\/chiquitania-turistica.online\/index.php\/transporte-publico\/#primaryimage\"},\"image\":{\"@id\":\"https:\/\/chiquitania-turistica.online\/index.php\/transporte-publico\/#primaryimage\"},\"thumbnailUrl\":\"http:\/\/chiquitania-turistica.online\/wp-content\/uploads\/2024\/04\/travelturismochiquitos-3.jpg\",\"datePublished\":\"2024-04-14T19:37:42+00:00\",\"dateModified\":\"2024-09-25T09:25:50+00:00\",\"breadcrumb\":{\"@id\":\"https:\/\/chiquitania-turistica.online\/index.php\/transporte-publico\/#breadcrumb\"},\"inLanguage\":\"fr-FR\",\"potentialAction\":[{\"@type\":\"ReadAction\",\"target\":[\"https:\/\/chiquitania-turistica.online\/index.php\/transporte-publico\/\"]}]},{\"@type\":\"ImageObject\",\"inLanguage\":\"fr-FR\",\"@id\":\"https:\/\/chiquitania-turistica.online\/index.php\/transporte-publico\/#primaryimage\",\"url\":\"https:\/\/i0.wp.com\/chiquitania-turistica.online\/wp-content\/uploads\/2024\/04\/travelturismochiquitos-3.jpg?fit=391%2C401&ssl=1\",\"contentUrl\":\"https:\/\/i0.wp.com\/chiquitania-turistica.online\/wp-content\/uploads\/2024\/04\/travelturismochiquitos-3.jpg?fit=391%2C401&ssl=1\",\"width\":391,\"height\":401},{\"@type\":\"BreadcrumbList\",\"@id\":\"https:\/\/chiquitania-turistica.online\/index.php\/transporte-publico\/#breadcrumb\",\"itemListElement\":[{\"@type\":\"ListItem\",\"position\":1,\"name\":\"Accueil\",\"item\":\"https:\/\/chiquitania-turistica.online\/\"},{\"@type\":\"ListItem\",\"position\":2,\"name\":\"Transporte Publico\"}]},{\"@type\":\"WebSite\",\"@id\":\"https:\/\/chiquitania-turistica.online\/#website\",\"url\":\"https:\/\/chiquitania-turistica.online\/\",\"name\":\"chiquitania-turistica.online\",\"description\":\"Webgu\u00eda de la Chiquitania\",\"publisher\":{\"@id\":\"https:\/\/chiquitania-turistica.online\/#organization\"},\"potentialAction\":[{\"@type\":\"SearchAction\",\"target\":{\"@type\":\"EntryPoint\",\"urlTemplate\":\"https:\/\/chiquitania-turistica.online\/?s={search_term_string}\"},\"query-input\":{\"@type\":\"PropertyValueSpecification\",\"valueRequired\":true,\"valueName\":\"search_term_string\"}}],\"inLanguage\":\"fr-FR\"},{\"@type\":\"Organization\",\"@id\":\"https:\/\/chiquitania-turistica.online\/#organization\",\"name\":\"chiquitania-turistica.online\",\"url\":\"https:\/\/chiquitania-turistica.online\/\",\"logo\":{\"@type\":\"ImageObject\",\"inLanguage\":\"fr-FR\",\"@id\":\"https:\/\/chiquitania-turistica.online\/#\/schema\/logo\/image\/\",\"url\":\"https:\/\/i0.wp.com\/chiquitania-turistica.online\/wp-content\/uploads\/2024\/04\/cropped-logo.jpg?fit=198%2C138&ssl=1\",\"contentUrl\":\"https:\/\/i0.wp.com\/chiquitania-turistica.online\/wp-content\/uploads\/2024\/04\/cropped-logo.jpg?fit=198%2C138&ssl=1\",\"width\":198,\"height\":138,\"caption\":\"chiquitania-turistica.online\"},\"image\":{\"@id\":\"https:\/\/chiquitania-turistica.online\/#\/schema\/logo\/image\/\"},\"sameAs\":[\"https:\/\/www.facebook.com\/INGENIERIA4.0\/\",\"https:\/\/chat.whatsapp.com\/Ci7D06NFHtG9cd3oBZo1iQ\"]}]}<\/script>\n<!-- \/ Yoast SEO plugin. -->","yoast_head_json":{"title":"Transporte Publico - chiquitania-turistica.online","robots":{"index":"index","follow":"follow","max-snippet":"max-snippet:-1","max-image-preview":"max-image-preview:large","max-video-preview":"max-video-preview:-1"},"canonical":"https:\/\/chiquitania-turistica.online\/index.php\/transporte-publico\/","og_locale":"fr_FR","og_type":"article","og_title":"Transporte Publico - chiquitania-turistica.online","og_description":"La Terminal Bimodal de Santa Cruz de la Sierra es un importante proyecto que busca descongestionar el tr\u00e1fico y mejorar la movilidad urbana en la ciudad. Se ubicar\u00e1 en la zona oeste Doble v\u00eda la Guardia, zona este Virgen de Cotoca y norte Cristo Redentor, con el objetivo de facilitar el traslado de un lugar [&hellip;]","og_url":"https:\/\/chiquitania-turistica.online\/index.php\/transporte-publico\/","og_site_name":"chiquitania-turistica.online","article_publisher":"https:\/\/www.facebook.com\/INGENIERIA4.0\/","article_modified_time":"2024-09-25T09:25:50+00:00","og_image":[{"url":"http:\/\/chiquitania-turistica.online\/wp-content\/uploads\/2024\/04\/travelturismochiquitos-3.jpg","type":"","width":"","height":""}],"twitter_card":"summary_large_image","twitter_misc":{"Dur\u00e9e de lecture estim\u00e9e":"4 minutes"},"schema":{"@context":"https:\/\/schema.org","@graph":[{"@type":"WebPage","@id":"https:\/\/chiquitania-turistica.online\/index.php\/transporte-publico\/","url":"https:\/\/chiquitania-turistica.online\/index.php\/transporte-publico\/","name":"Transporte Publico - chiquitania-turistica.online","isPartOf":{"@id":"https:\/\/chiquitania-turistica.online\/#website"},"primaryImageOfPage":{"@id":"https:\/\/chiquitania-turistica.online\/index.php\/transporte-publico\/#primaryimage"},"image":{"@id":"https:\/\/chiquitania-turistica.online\/index.php\/transporte-publico\/#primaryimage"},"thumbnailUrl":"http:\/\/chiquitania-turistica.online\/wp-content\/uploads\/2024\/04\/travelturismochiquitos-3.jpg","datePublished":"2024-04-14T19:37:42+00:00","dateModified":"2024-09-25T09:25:50+00:00","breadcrumb":{"@id":"https:\/\/chiquitania-turistica.online\/index.php\/transporte-publico\/#breadcrumb"},"inLanguage":"fr-FR","potentialAction":[{"@type":"ReadAction","target":["https:\/\/chiquitania-turistica.online\/index.php\/transporte-publico\/"]}]},{"@type":"ImageObject","inLanguage":"fr-FR","@id":"https:\/\/chiquitania-turistica.online\/index.php\/transporte-publico\/#primaryimage","url":"https:\/\/i0.wp.com\/chiquitania-turistica.online\/wp-content\/uploads\/2024\/04\/travelturismochiquitos-3.jpg?fit=391%2C401&ssl=1","contentUrl":"https:\/\/i0.wp.com\/chiquitania-turistica.online\/wp-content\/uploads\/2024\/04\/travelturismochiquitos-3.jpg?fit=391%2C401&ssl=1","width":391,"height":401},{"@type":"BreadcrumbList","@id":"https:\/\/chiquitania-turistica.online\/index.php\/transporte-publico\/#breadcrumb","itemListElement":[{"@type":"ListItem","position":1,"name":"Accueil","item":"https:\/\/chiquitania-turistica.online\/"},{"@type":"ListItem","position":2,"name":"Transporte Publico"}]},{"@type":"WebSite","@id":"https:\/\/chiquitania-turistica.online\/#website","url":"https:\/\/chiquitania-turistica.online\/","name":"chiquitania-turistica.online","description":"Webgu\u00eda de la Chiquitania","publisher":{"@id":"https:\/\/chiquitania-turistica.online\/#organization"},"potentialAction":[{"@type":"SearchAction","target":{"@type":"EntryPoint","urlTemplate":"https:\/\/chiquitania-turistica.online\/?s={search_term_string}"},"query-input":{"@type":"PropertyValueSpecification","valueRequired":true,"valueName":"search_term_string"}}],"inLanguage":"fr-FR"},{"@type":"Organization","@id":"https:\/\/chiquitania-turistica.online\/#organization","name":"chiquitania-turistica.online","url":"https:\/\/chiquitania-turistica.online\/","logo":{"@type":"ImageObject","inLanguage":"fr-FR","@id":"https:\/\/chiquitania-turistica.online\/#\/schema\/logo\/image\/","url":"https:\/\/i0.wp.com\/chiquitania-turistica.online\/wp-content\/uploads\/2024\/04\/cropped-logo.jpg?fit=198%2C138&ssl=1","contentUrl":"https:\/\/i0.wp.com\/chiquitania-turistica.online\/wp-content\/uploads\/2024\/04\/cropped-logo.jpg?fit=198%2C138&ssl=1","width":198,"height":138,"caption":"chiquitania-turistica.online"},"image":{"@id":"https:\/\/chiquitania-turistica.online\/#\/schema\/logo\/image\/"},"sameAs":["https:\/\/www.facebook.com\/INGENIERIA4.0\/","https:\/\/chat.whatsapp.com\/Ci7D06NFHtG9cd3oBZo1iQ"]}]}},"_links":{"self":[{"href":"https:\/\/chiquitania-turistica.online\/index.php\/wp-json\/wp\/v2\/pages\/305","targetHints":{"allow":["GET"]}}],"collection":[{"href":"https:\/\/chiquitania-turistica.online\/index.php\/wp-json\/wp\/v2\/pages"}],"about":[{"href":"https:\/\/chiquitania-turistica.online\/index.php\/wp-json\/wp\/v2\/types\/page"}],"author":[{"embeddable":true,"href":"https:\/\/chiquitania-turistica.online\/index.php\/wp-json\/wp\/v2\/users\/1"}],"replies":[{"embeddable":true,"href":"https:\/\/chiquitania-turistica.online\/index.php\/wp-json\/wp\/v2\/comments?post=305"}],"version-history":[{"count":13,"href":"https:\/\/chiquitania-turistica.online\/index.php\/wp-json\/wp\/v2\/pages\/305\/revisions"}],"predecessor-version":[{"id":852,"href":"https:\/\/chiquitania-turistica.online\/index.php\/wp-json\/wp\/v2\/pages\/305\/revisions\/852"}],"wp:attachment":[{"href":"https:\/\/chiquitania-turistica.online\/index.php\/wp-json\/wp\/v2\/media?parent=305"}],"curies":[{"name":"wp","href":"https:\/\/api.w.org\/{rel}","templated":true}]}}