{"id":3,"date":"2023-07-09T16:54:51","date_gmt":"2023-07-09T14:54:51","guid":{"rendered":"http:\/\/chiquitania-turistica.online\/?page_id=3"},"modified":"2024-09-25T11:17:31","modified_gmt":"2024-09-25T09:17:31","slug":"funcionamiento","status":"publish","type":"page","link":"https:\/\/chiquitania-turistica.online\/index.php\/funcionamiento\/","title":{"rendered":"Pol\u00edtica de funcionamiento de este sitio"},"content":{"rendered":"\n<!-- clock widget start -->\n<script type=\"text\/javascript\"> var css_file=document.createElement(\"link\"); css_file.setAttribute(\"rel\",\"stylesheet\"); css_file.setAttribute(\"type\",\"text\/css\"); css_file.setAttribute(\"href\",\"https:\/\/s.bookcdn.com\/\/css\/cl\/bw-cl-c22.css?v=0.0.1\"); document.getElementsByTagName(\"head\")[0].appendChild(css_file); <\/script> <div id=\"tw_22_1465735150\"><div style=\"width:200px; height:px; margin: 0 auto;\"><a href=\"https:\/\/hotelmix.es\/time\/la-paz-13481\">La Paz<\/a><br\/><\/div><\/div> <script type=\"text\/javascript\"> function setWidgetData_1465735150(data){ if(typeof(data) != 'undefined' && data.results.length > 0) { for(var i = 0; i < data.results.length; ++i) { var objMainBlock = ''; var params = data.results[i]; objMainBlock = document.getElementById('tw_'+params.widget_type+'_'+params.widget_id); if(objMainBlock !== null) objMainBlock.innerHTML = params.html_code; } } } var clock_timer_1465735150 = -1; widgetSrc = \"https:\/\/widgets.booked.net\/time\/info?ver=2;domid=582;type=22;id=1465735150;scode=70241;city_id=;wlangid=4;mode=1;details=0;background=ffffff;border_color=ffffff;color=686868;add_background=ffffff;add_color=333333;head_color=ffffff;border=0;transparent=0\"; var widgetUrl = location.href; widgetSrc += '&#038;ref=' + widgetUrl; var wstrackId = \"\"; if (wstrackId) { widgetSrc += ';wstrackId=' + wstrackId + ';' } var timeBookedScript = document.createElement(\"script\"); timeBookedScript.setAttribute(\"type\", \"text\/javascript\"); timeBookedScript.src = widgetSrc; document.body.appendChild(timeBookedScript); <\/script>\n<!-- clock widget end -->\n\n\n\n<p><\/p>\n\n\n\n<h2 class=\"wp-block-heading\">Quien somos <\/h2>\n\n\n\n<p>somos una empresa internacional con sed en la ciudad de Wilmington del estado de delaware en los EEUU. <\/p>\n\n\n\n<p>Se puede comunicar con nosotros con la <a href=\"mailto:luismatarese57@gmail.com\">email<\/a> que dejamos aqu\u00ed, no comunicamos con tel\u00e9fono, whatsapps o cualquier medio porque hemos decididos de ofrecer informaciones al p\u00fablico pero sin tener en cuenta las opiniones, Si se debe hacer una correcion de datos se hace via la email <\/p>\n\n\n\n<p>La direcci\u00f3n de nuestro sitio es: http:\/\/chiquitania-turistica.online. Fands-llc desde de 2005 desarrollamos actividades en Bolivia <\/p>\n\n\n\n<p> Cuando visita nuestro sitio, recuperamos sus datos como su direcci\u00f3n IP y el agente de usuario del navegador, se recopilan para ayudarnos a detectar personas mal intencionadas.<\/p>\n\n\n\n<p>Nuestras actividades de informaci\u00f3n se centran en la recopilaci\u00f3n y difusi\u00f3n de contenidos educativos y culturales relevantes, con el objetivo de promover el aprendizaje continuo y el enriquecimiento personal.<\/p>\n\n\n\n<p>No nos hacemos responsables de la vacuidad o veracidad de los datos utilizados en los recursos informativos que difundimos, como por ejemplo, los videos de YouTube. Estos recursos son seleccionados cuidadosamente para su aporte educativo o cultural, pero no nos hacemos responsables de su contenido espec\u00edfico. Son de alcance publico en you tube. <\/p>\n\n\n\n<p>Es importante que los usuarios eval\u00faen cr\u00edticamente la informaci\u00f3n que reciben y verifiquen su veracidad antes de utilizarla en cualquier contexto. Animamos a nuestra audiencia a ser activos en su b\u00fasqueda de conocimiento y a utilizar nuestros recursos como una herramienta complementaria en su aprendizaje.<\/p>\n\n\n<div class=\"wp-block-image\">\n<figure class=\"aligncenter size-full\"><img data-recalc-dims=\"1\" fetchpriority=\"high\" decoding=\"async\" width=\"600\" height=\"200\" src=\"https:\/\/i0.wp.com\/chiquitania-turistica.online\/wp-content\/uploads\/2024\/04\/Google_Translate_4.png?resize=600%2C200&#038;ssl=1\" alt=\"\" class=\"wp-image-340\" srcset=\"https:\/\/i0.wp.com\/chiquitania-turistica.online\/wp-content\/uploads\/2024\/04\/Google_Translate_4.png?w=600&amp;ssl=1 600w, https:\/\/i0.wp.com\/chiquitania-turistica.online\/wp-content\/uploads\/2024\/04\/Google_Translate_4.png?resize=300%2C100&amp;ssl=1 300w\" sizes=\"(max-width: 600px) 100vw, 600px\" \/><\/figure><\/div>\n\n\n<p> Google Translate es una poderosa herramienta proporcionada por Google que permite a los usuarios traducir texto, voz, im\u00e1genes, documentos, sitios web y m\u00e1s en varios idiomas. Est\u00e1 dise\u00f1ado para ayudar a los usuarios a comprender y comunicarse en varios idiomas con facilidad. El servicio est\u00e1 disponible tanto en computadoras como en dispositivos m\u00f3viles, lo que permite a los usuarios traducir texto escribiendo, hablando o incluso tomando una fotograf\u00eda[3].<\/p>\n\n\n\n<p>Sin embargo, es importante tener en cuenta que no se garantiza que las traducciones proporcionadas por Google Translate sean precisas o est\u00e9n libres de errores. El servicio est\u00e1 dise\u00f1ado para brindar soporte b\u00e1sico de traducci\u00f3n y se anima a los usuarios a enviar comentarios para ayudar a mejorar la calidad de las traducciones. Los usuarios pueden calificar la traducci\u00f3n como buena o mala y ofrecer sugerencias para mejorarla[1].<\/p>\n\n\n\n<p>Google Translate admite varios idiomas, incluidas variantes de idiomas admitidos que son \u00fatiles para traducir contenido para dialectos o regiones espec\u00edficos. El servicio utiliza modelos NMT b\u00e1sicos para entrenar modelos personalizados, lo que puede mejorar la precisi\u00f3n de las traducciones para pares de idiomas espec\u00edficos[5].<\/p>\n\n\n\n<p>Google Translate tambi\u00e9n admite traducci\u00f3n adaptativa para ciertos pares de idiomas, con pares de idiomas adicionales disponibles en vista previa privada. AutoML Translation admite modelos personalizados para pares de idiomas espec\u00edficos, siempre que Google tenga un modelo de traducci\u00f3n autom\u00e1tica neuronal (NMT) existente para ese idioma[5].<\/p>\n\n\n\n<p>En resumen, Google Translate es una herramienta valiosa para la traducci\u00f3n b\u00e1sica, pero no sustituye a los servicios de traducci\u00f3n profesionales. Se anima a los usuarios a proporcionar comentarios para ayudar a mejorar la calidad de las traducciones, y el servicio admite varios idiomas y modelos personalizados para pares de idiomas espec\u00edficos.<\/p>\n\n\n\n<p>Citas:<br>[1] https:\/\/support.google.com\/translate\/answer\/12111375?hl=en<br>[2] https:\/\/support.google.com\/translate\/?hl=en<br>[3] https:\/\/translate.google.com\/about\/<br>[4] https:\/\/developers.google.com\/business-communications\/business-messages\/trainings\/tutorials\/translate<br>[5] https:\/\/cloud.google.com\/translate\/docs\/languages<\/p>\n\n\n<div class=\"wp-block-image\">\n<figure class=\"aligncenter size-full\"><img data-recalc-dims=\"1\" decoding=\"async\" width=\"335\" height=\"208\" src=\"https:\/\/i0.wp.com\/chiquitania-turistica.online\/wp-content\/uploads\/2024\/04\/multiplelangues-1.jpg?resize=335%2C208\" alt=\"\" class=\"wp-image-81\" srcset=\"https:\/\/i0.wp.com\/chiquitania-turistica.online\/wp-content\/uploads\/2024\/04\/multiplelangues-1.jpg?w=335&amp;ssl=1 335w, https:\/\/i0.wp.com\/chiquitania-turistica.online\/wp-content\/uploads\/2024\/04\/multiplelangues-1.jpg?resize=300%2C186&amp;ssl=1 300w\" sizes=\"(max-width: 335px) 100vw, 335px\" \/><\/figure><\/div>\n\n\n<a href=\"https:\/\/www.ip2location.com\/free\/widgets\" target=\"_blank\" rel=\"noopener\"><img data-recalc-dims=\"1\" decoding=\"async\" class=\"aligncenter\" src=\"https:\/\/i0.wp.com\/tools.ip2location.com\/200x200.png?resize=200%2C200&#038;ssl=1\" width=\"200\" height=\"200\" border=\"0\" \/><\/a>\n","protected":false},"excerpt":{"rendered":"<p>La Paz Quien somos somos una empresa internacional con sed en la ciudad de Wilmington del estado de delaware en los EEUU. Se puede comunicar con nosotros con la email que dejamos aqu\u00ed, no comunicamos con tel\u00e9fono, whatsapps o cualquier medio porque hemos decididos de ofrecer informaciones al p\u00fablico pero sin tener en cuenta las [&hellip;]<\/p>\n","protected":false},"author":1,"featured_media":0,"parent":0,"menu_order":0,"comment_status":"closed","ping_status":"closed","template":"","meta":{"footnotes":""},"class_list":["post-3","page","type-page","status-publish","hentry"],"yoast_head":"<!-- This site is optimized with the Yoast SEO plugin v26.8 - https:\/\/yoast.com\/product\/yoast-seo-wordpress\/ -->\n<title>Pol\u00edtica de funcionamiento de este sitio - chiquitania-turistica.online<\/title>\n<meta name=\"robots\" content=\"index, follow, max-snippet:-1, max-image-preview:large, max-video-preview:-1\" \/>\n<link rel=\"canonical\" href=\"https:\/\/chiquitania-turistica.online\/index.php\/funcionamiento\/\" \/>\n<meta property=\"og:locale\" content=\"fr_FR\" \/>\n<meta property=\"og:type\" content=\"article\" \/>\n<meta property=\"og:title\" content=\"Pol\u00edtica de funcionamiento de este sitio - chiquitania-turistica.online\" \/>\n<meta property=\"og:description\" content=\"La Paz Quien somos somos una empresa internacional con sed en la ciudad de Wilmington del estado de delaware en los EEUU. Se puede comunicar con nosotros con la email que dejamos aqu\u00ed, no comunicamos con tel\u00e9fono, whatsapps o cualquier medio porque hemos decididos de ofrecer informaciones al p\u00fablico pero sin tener en cuenta las [&hellip;]\" \/>\n<meta property=\"og:url\" content=\"https:\/\/chiquitania-turistica.online\/index.php\/funcionamiento\/\" \/>\n<meta property=\"og:site_name\" content=\"chiquitania-turistica.online\" \/>\n<meta property=\"article:publisher\" content=\"https:\/\/www.facebook.com\/INGENIERIA4.0\/\" \/>\n<meta property=\"article:modified_time\" content=\"2024-09-25T09:17:31+00:00\" \/>\n<meta property=\"og:image\" content=\"https:\/\/chiquitania-turistica.online\/wp-content\/uploads\/2024\/04\/Google_Translate_4.png\" \/>\n<meta name=\"twitter:card\" content=\"summary_large_image\" \/>\n<meta name=\"twitter:label1\" content=\"Dur\u00e9e de lecture estim\u00e9e\" \/>\n\t<meta name=\"twitter:data1\" content=\"4 minutes\" \/>\n<script type=\"application\/ld+json\" class=\"yoast-schema-graph\">{\"@context\":\"https:\/\/schema.org\",\"@graph\":[{\"@type\":\"WebPage\",\"@id\":\"https:\/\/chiquitania-turistica.online\/index.php\/funcionamiento\/\",\"url\":\"https:\/\/chiquitania-turistica.online\/index.php\/funcionamiento\/\",\"name\":\"Pol\u00edtica de funcionamiento de este sitio - chiquitania-turistica.online\",\"isPartOf\":{\"@id\":\"https:\/\/chiquitania-turistica.online\/#website\"},\"primaryImageOfPage\":{\"@id\":\"https:\/\/chiquitania-turistica.online\/index.php\/funcionamiento\/#primaryimage\"},\"image\":{\"@id\":\"https:\/\/chiquitania-turistica.online\/index.php\/funcionamiento\/#primaryimage\"},\"thumbnailUrl\":\"https:\/\/chiquitania-turistica.online\/wp-content\/uploads\/2024\/04\/Google_Translate_4.png\",\"datePublished\":\"2023-07-09T14:54:51+00:00\",\"dateModified\":\"2024-09-25T09:17:31+00:00\",\"breadcrumb\":{\"@id\":\"https:\/\/chiquitania-turistica.online\/index.php\/funcionamiento\/#breadcrumb\"},\"inLanguage\":\"fr-FR\",\"potentialAction\":[{\"@type\":\"ReadAction\",\"target\":[\"https:\/\/chiquitania-turistica.online\/index.php\/funcionamiento\/\"]}]},{\"@type\":\"ImageObject\",\"inLanguage\":\"fr-FR\",\"@id\":\"https:\/\/chiquitania-turistica.online\/index.php\/funcionamiento\/#primaryimage\",\"url\":\"https:\/\/chiquitania-turistica.online\/wp-content\/uploads\/2024\/04\/Google_Translate_4.png\",\"contentUrl\":\"https:\/\/chiquitania-turistica.online\/wp-content\/uploads\/2024\/04\/Google_Translate_4.png\"},{\"@type\":\"BreadcrumbList\",\"@id\":\"https:\/\/chiquitania-turistica.online\/index.php\/funcionamiento\/#breadcrumb\",\"itemListElement\":[{\"@type\":\"ListItem\",\"position\":1,\"name\":\"Accueil\",\"item\":\"https:\/\/chiquitania-turistica.online\/\"},{\"@type\":\"ListItem\",\"position\":2,\"name\":\"Pol\u00edtica de funcionamiento de este sitio\"}]},{\"@type\":\"WebSite\",\"@id\":\"https:\/\/chiquitania-turistica.online\/#website\",\"url\":\"https:\/\/chiquitania-turistica.online\/\",\"name\":\"chiquitania-turistica.online\",\"description\":\"Webgu\u00eda de la Chiquitania\",\"publisher\":{\"@id\":\"https:\/\/chiquitania-turistica.online\/#organization\"},\"potentialAction\":[{\"@type\":\"SearchAction\",\"target\":{\"@type\":\"EntryPoint\",\"urlTemplate\":\"https:\/\/chiquitania-turistica.online\/?s={search_term_string}\"},\"query-input\":{\"@type\":\"PropertyValueSpecification\",\"valueRequired\":true,\"valueName\":\"search_term_string\"}}],\"inLanguage\":\"fr-FR\"},{\"@type\":\"Organization\",\"@id\":\"https:\/\/chiquitania-turistica.online\/#organization\",\"name\":\"chiquitania-turistica.online\",\"url\":\"https:\/\/chiquitania-turistica.online\/\",\"logo\":{\"@type\":\"ImageObject\",\"inLanguage\":\"fr-FR\",\"@id\":\"https:\/\/chiquitania-turistica.online\/#\/schema\/logo\/image\/\",\"url\":\"https:\/\/i0.wp.com\/chiquitania-turistica.online\/wp-content\/uploads\/2024\/04\/cropped-logo.jpg?fit=198%2C138&ssl=1\",\"contentUrl\":\"https:\/\/i0.wp.com\/chiquitania-turistica.online\/wp-content\/uploads\/2024\/04\/cropped-logo.jpg?fit=198%2C138&ssl=1\",\"width\":198,\"height\":138,\"caption\":\"chiquitania-turistica.online\"},\"image\":{\"@id\":\"https:\/\/chiquitania-turistica.online\/#\/schema\/logo\/image\/\"},\"sameAs\":[\"https:\/\/www.facebook.com\/INGENIERIA4.0\/\",\"https:\/\/chat.whatsapp.com\/Ci7D06NFHtG9cd3oBZo1iQ\"]}]}<\/script>\n<!-- \/ Yoast SEO plugin. -->","yoast_head_json":{"title":"Pol\u00edtica de funcionamiento de este sitio - chiquitania-turistica.online","robots":{"index":"index","follow":"follow","max-snippet":"max-snippet:-1","max-image-preview":"max-image-preview:large","max-video-preview":"max-video-preview:-1"},"canonical":"https:\/\/chiquitania-turistica.online\/index.php\/funcionamiento\/","og_locale":"fr_FR","og_type":"article","og_title":"Pol\u00edtica de funcionamiento de este sitio - chiquitania-turistica.online","og_description":"La Paz Quien somos somos una empresa internacional con sed en la ciudad de Wilmington del estado de delaware en los EEUU. Se puede comunicar con nosotros con la email que dejamos aqu\u00ed, no comunicamos con tel\u00e9fono, whatsapps o cualquier medio porque hemos decididos de ofrecer informaciones al p\u00fablico pero sin tener en cuenta las [&hellip;]","og_url":"https:\/\/chiquitania-turistica.online\/index.php\/funcionamiento\/","og_site_name":"chiquitania-turistica.online","article_publisher":"https:\/\/www.facebook.com\/INGENIERIA4.0\/","article_modified_time":"2024-09-25T09:17:31+00:00","og_image":[{"url":"https:\/\/chiquitania-turistica.online\/wp-content\/uploads\/2024\/04\/Google_Translate_4.png","type":"","width":"","height":""}],"twitter_card":"summary_large_image","twitter_misc":{"Dur\u00e9e de lecture estim\u00e9e":"4 minutes"},"schema":{"@context":"https:\/\/schema.org","@graph":[{"@type":"WebPage","@id":"https:\/\/chiquitania-turistica.online\/index.php\/funcionamiento\/","url":"https:\/\/chiquitania-turistica.online\/index.php\/funcionamiento\/","name":"Pol\u00edtica de funcionamiento de este sitio - chiquitania-turistica.online","isPartOf":{"@id":"https:\/\/chiquitania-turistica.online\/#website"},"primaryImageOfPage":{"@id":"https:\/\/chiquitania-turistica.online\/index.php\/funcionamiento\/#primaryimage"},"image":{"@id":"https:\/\/chiquitania-turistica.online\/index.php\/funcionamiento\/#primaryimage"},"thumbnailUrl":"https:\/\/chiquitania-turistica.online\/wp-content\/uploads\/2024\/04\/Google_Translate_4.png","datePublished":"2023-07-09T14:54:51+00:00","dateModified":"2024-09-25T09:17:31+00:00","breadcrumb":{"@id":"https:\/\/chiquitania-turistica.online\/index.php\/funcionamiento\/#breadcrumb"},"inLanguage":"fr-FR","potentialAction":[{"@type":"ReadAction","target":["https:\/\/chiquitania-turistica.online\/index.php\/funcionamiento\/"]}]},{"@type":"ImageObject","inLanguage":"fr-FR","@id":"https:\/\/chiquitania-turistica.online\/index.php\/funcionamiento\/#primaryimage","url":"https:\/\/chiquitania-turistica.online\/wp-content\/uploads\/2024\/04\/Google_Translate_4.png","contentUrl":"https:\/\/chiquitania-turistica.online\/wp-content\/uploads\/2024\/04\/Google_Translate_4.png"},{"@type":"BreadcrumbList","@id":"https:\/\/chiquitania-turistica.online\/index.php\/funcionamiento\/#breadcrumb","itemListElement":[{"@type":"ListItem","position":1,"name":"Accueil","item":"https:\/\/chiquitania-turistica.online\/"},{"@type":"ListItem","position":2,"name":"Pol\u00edtica de funcionamiento de este sitio"}]},{"@type":"WebSite","@id":"https:\/\/chiquitania-turistica.online\/#website","url":"https:\/\/chiquitania-turistica.online\/","name":"chiquitania-turistica.online","description":"Webgu\u00eda de la Chiquitania","publisher":{"@id":"https:\/\/chiquitania-turistica.online\/#organization"},"potentialAction":[{"@type":"SearchAction","target":{"@type":"EntryPoint","urlTemplate":"https:\/\/chiquitania-turistica.online\/?s={search_term_string}"},"query-input":{"@type":"PropertyValueSpecification","valueRequired":true,"valueName":"search_term_string"}}],"inLanguage":"fr-FR"},{"@type":"Organization","@id":"https:\/\/chiquitania-turistica.online\/#organization","name":"chiquitania-turistica.online","url":"https:\/\/chiquitania-turistica.online\/","logo":{"@type":"ImageObject","inLanguage":"fr-FR","@id":"https:\/\/chiquitania-turistica.online\/#\/schema\/logo\/image\/","url":"https:\/\/i0.wp.com\/chiquitania-turistica.online\/wp-content\/uploads\/2024\/04\/cropped-logo.jpg?fit=198%2C138&ssl=1","contentUrl":"https:\/\/i0.wp.com\/chiquitania-turistica.online\/wp-content\/uploads\/2024\/04\/cropped-logo.jpg?fit=198%2C138&ssl=1","width":198,"height":138,"caption":"chiquitania-turistica.online"},"image":{"@id":"https:\/\/chiquitania-turistica.online\/#\/schema\/logo\/image\/"},"sameAs":["https:\/\/www.facebook.com\/INGENIERIA4.0\/","https:\/\/chat.whatsapp.com\/Ci7D06NFHtG9cd3oBZo1iQ"]}]}},"_links":{"self":[{"href":"https:\/\/chiquitania-turistica.online\/index.php\/wp-json\/wp\/v2\/pages\/3","targetHints":{"allow":["GET"]}}],"collection":[{"href":"https:\/\/chiquitania-turistica.online\/index.php\/wp-json\/wp\/v2\/pages"}],"about":[{"href":"https:\/\/chiquitania-turistica.online\/index.php\/wp-json\/wp\/v2\/types\/page"}],"author":[{"embeddable":true,"href":"https:\/\/chiquitania-turistica.online\/index.php\/wp-json\/wp\/v2\/users\/1"}],"replies":[{"embeddable":true,"href":"https:\/\/chiquitania-turistica.online\/index.php\/wp-json\/wp\/v2\/comments?post=3"}],"version-history":[{"count":8,"href":"https:\/\/chiquitania-turistica.online\/index.php\/wp-json\/wp\/v2\/pages\/3\/revisions"}],"predecessor-version":[{"id":845,"href":"https:\/\/chiquitania-turistica.online\/index.php\/wp-json\/wp\/v2\/pages\/3\/revisions\/845"}],"wp:attachment":[{"href":"https:\/\/chiquitania-turistica.online\/index.php\/wp-json\/wp\/v2\/media?parent=3"}],"curies":[{"name":"wp","href":"https:\/\/api.w.org\/{rel}","templated":true}]}}