{"id":171,"date":"2024-04-13T15:07:33","date_gmt":"2024-04-13T13:07:33","guid":{"rendered":"https:\/\/chiquitania-turistica.online\/?page_id=171"},"modified":"2024-09-25T11:31:00","modified_gmt":"2024-09-25T09:31:00","slug":"tucavaca","status":"publish","type":"page","link":"https:\/\/chiquitania-turistica.online\/index.php\/tucavaca\/","title":{"rendered":"Turismo al Parque de Tucavaca de Santiago de Chiquitos"},"content":{"rendered":"\n<!-- clock widget start -->\n<script type=\"text\/javascript\"> var css_file=document.createElement(\"link\"); css_file.setAttribute(\"rel\",\"stylesheet\"); css_file.setAttribute(\"type\",\"text\/css\"); css_file.setAttribute(\"href\",\"https:\/\/s.bookcdn.com\/\/css\/cl\/bw-cl-c22.css?v=0.0.1\"); document.getElementsByTagName(\"head\")[0].appendChild(css_file); <\/script> <div id=\"tw_22_1411931424\"><div style=\"width:200px; height:px; margin: 0 auto;\"><a href=\"https:\/\/hotelmix.es\/time\/la-paz-13481\">La Paz<\/a><br\/><\/div><\/div> <script type=\"text\/javascript\"> function setWidgetData_1411931424(data){ if(typeof(data) != 'undefined' && data.results.length > 0) { for(var i = 0; i < data.results.length; ++i) { var objMainBlock = ''; var params = data.results[i]; objMainBlock = document.getElementById('tw_'+params.widget_type+'_'+params.widget_id); if(objMainBlock !== null) objMainBlock.innerHTML = params.html_code; } } } var clock_timer_1411931424 = -1; widgetSrc = \"https:\/\/widgets.booked.net\/time\/info?ver=2;domid=582;type=22;id=1411931424;scode=70241;city_id=;wlangid=4;mode=1;details=0;background=ffffff;border_color=ffffff;color=686868;add_background=ffffff;add_color=333333;head_color=ffffff;border=0;transparent=0\"; var widgetUrl = location.href; widgetSrc += '&#038;ref=' + widgetUrl; var wstrackId = \"\"; if (wstrackId) { widgetSrc += ';wstrackId=' + wstrackId + ';' } var timeBookedScript = document.createElement(\"script\"); timeBookedScript.setAttribute(\"type\", \"text\/javascript\"); timeBookedScript.src = widgetSrc; document.body.appendChild(timeBookedScript); <\/script>\n<!-- clock widget end -->\n\n\n\n<figure class=\"wp-block-embed is-type-video is-provider-youtube wp-block-embed-youtube wp-embed-aspect-16-9 wp-has-aspect-ratio\"><div class=\"wp-block-embed__wrapper\">\n<iframe  style=\"display: block; margin: 0px auto;\"  id=\"_ytid_89402\"  width=\"800\" height=\"450\"  data-origwidth=\"800\" data-origheight=\"450\"  data-relstop=\"1\" src=\"https:\/\/www.youtube.com\/embed\/xu-FSDOgMlg?enablejsapi=1&#038;autoplay=0&#038;cc_load_policy=0&#038;cc_lang_pref=&#038;iv_load_policy=1&#038;loop=0&#038;rel=0&#038;fs=1&#038;playsinline=0&#038;autohide=2&#038;theme=dark&#038;color=red&#038;controls=1&#038;disablekb=0&#038;\" class=\"__youtube_prefs__  epyt-is-override  no-lazyload\" title=\"YouTube player\"  allow=\"fullscreen; accelerometer; autoplay; clipboard-write; encrypted-media; gyroscope; picture-in-picture; web-share\" referrerpolicy=\"strict-origin-when-cross-origin\" allowfullscreen data-no-lazy=\"1\" data-skipgform_ajax_framebjll=\"\"><\/iframe>\n<\/div><\/figure>\n\n\n\n<p>El Parque Tucavaca en Santiago de Chiquitos es un lugar de gran belleza paisaj\u00edstica que combina historia y atractivos tur\u00edsticos. Este parque ofrece una variedad de experiencias para los visitantes, desde su circuito de Los Arcos y Cuevas hasta la oportunidad de explorar el Coro y la exuberante vegetaci\u00f3n del Bosque Seco Chiquitano. <\/p>\n\n\n\n<div data-wp-interactive=\"core\/file\" class=\"wp-block-file\"><object data-wp-bind--hidden=\"!state.hasPdfPreview\" hidden class=\"wp-block-file__embed\" data=\"https:\/\/chiquitania-turistica.online\/wp-content\/uploads\/2024\/04\/Tucabaca-.pdf\" type=\"application\/pdf\" style=\"width:100%;height:600px\" aria-label=\"Contenu embarqu\u00e9 Tucabaca-.\"><\/object><a id=\"wp-block-file--media-45779d11-5ce5-4d5c-a210-7697a1f33a30\" href=\"https:\/\/chiquitania-turistica.online\/wp-content\/uploads\/2024\/04\/Tucabaca-.pdf\">Tucabaca-<\/a><a href=\"https:\/\/chiquitania-turistica.online\/wp-content\/uploads\/2024\/04\/Tucabaca-.pdf\" class=\"wp-block-file__button wp-element-button\" download aria-describedby=\"wp-block-file--media-45779d11-5ce5-4d5c-a210-7697a1f33a30\">T\u00e9l\u00e9charger<\/a><\/div>\n\n\n\n<figure class=\"wp-block-embed is-type-video is-provider-youtube wp-block-embed-youtube wp-embed-aspect-16-9 wp-has-aspect-ratio\"><div class=\"wp-block-embed__wrapper\">\n<iframe  style=\"display: block; margin: 0px auto;\"  id=\"_ytid_89735\"  width=\"800\" height=\"450\"  data-origwidth=\"800\" data-origheight=\"450\"  data-relstop=\"1\" src=\"https:\/\/www.youtube.com\/embed\/MHFIcRPR5ds?enablejsapi=1&#038;autoplay=0&#038;cc_load_policy=0&#038;cc_lang_pref=&#038;iv_load_policy=1&#038;loop=0&#038;rel=0&#038;fs=1&#038;playsinline=0&#038;autohide=2&#038;theme=dark&#038;color=red&#038;controls=1&#038;disablekb=0&#038;\" class=\"__youtube_prefs__  epyt-is-override  no-lazyload\" title=\"YouTube player\"  allow=\"fullscreen; accelerometer; autoplay; clipboard-write; encrypted-media; gyroscope; picture-in-picture; web-share\" referrerpolicy=\"strict-origin-when-cross-origin\" allowfullscreen data-no-lazy=\"1\" data-skipgform_ajax_framebjll=\"\"><\/iframe>\n<\/div><\/figure>\n\n\n\n<div data-wp-interactive=\"core\/file\" class=\"wp-block-file aligncenter\"><object data-wp-bind--hidden=\"!state.hasPdfPreview\" hidden class=\"wp-block-file__embed\" data=\"https:\/\/chiquitania-turistica.online\/wp-content\/uploads\/2024\/04\/PM-II-Tucabaca-1.pdf\" type=\"application\/pdf\" style=\"width:100%;height:600px\" aria-label=\"Contenu embarqu\u00e9 PM-II-Tucabaca-1.\"><\/object><a id=\"wp-block-file--media-9b64085f-01d8-4274-a5c8-09ce84f786b3\" href=\"https:\/\/chiquitania-turistica.online\/wp-content\/uploads\/2024\/04\/PM-II-Tucabaca-1.pdf\">PM-II-Tucabaca-1<\/a><a href=\"https:\/\/chiquitania-turistica.online\/wp-content\/uploads\/2024\/04\/PM-II-Tucabaca-1.pdf\" class=\"wp-block-file__button wp-element-button\" download aria-describedby=\"wp-block-file--media-9b64085f-01d8-4274-a5c8-09ce84f786b3\">T\u00e9l\u00e9charger<\/a><\/div>\n\n\n\n<p>Adem\u00e1s, la Reserva del Valle de Tucavaca, parte del parque, presenta paisajes impresionantes con serran\u00edas, formaciones rocosas \u00fanicas y una vegetaci\u00f3n abundante. <\/p>\n\n\n\n<figure class=\"wp-block-embed is-type-video is-provider-youtube wp-block-embed-youtube wp-embed-aspect-16-9 wp-has-aspect-ratio\"><div class=\"wp-block-embed__wrapper\">\n<iframe  style=\"display: block; margin: 0px auto;\"  id=\"_ytid_24373\"  width=\"800\" height=\"450\"  data-origwidth=\"800\" data-origheight=\"450\"  data-relstop=\"1\" src=\"https:\/\/www.youtube.com\/embed\/DlyhbireiIc?enablejsapi=1&#038;autoplay=0&#038;cc_load_policy=0&#038;cc_lang_pref=&#038;iv_load_policy=1&#038;loop=0&#038;rel=0&#038;fs=1&#038;playsinline=0&#038;autohide=2&#038;theme=dark&#038;color=red&#038;controls=1&#038;disablekb=0&#038;\" class=\"__youtube_prefs__  epyt-is-override  no-lazyload\" title=\"YouTube player\"  allow=\"fullscreen; accelerometer; autoplay; clipboard-write; encrypted-media; gyroscope; picture-in-picture; web-share\" referrerpolicy=\"strict-origin-when-cross-origin\" allowfullscreen data-no-lazy=\"1\" data-skipgform_ajax_framebjll=\"\"><\/iframe>\n<\/div><\/figure>\n\n\n\n<p>Los visitantes pueden disfrutar de la tranquilidad y la naturaleza en este entorno, que invita a la contemplaci\u00f3n y al contacto con la historia y la cultura de la regi\u00f3n.<\/p>\n\n\n\n<figure class=\"wp-block-embed is-type-video is-provider-youtube wp-block-embed-youtube wp-embed-aspect-16-9 wp-has-aspect-ratio\"><div class=\"wp-block-embed__wrapper\">\n<iframe  style=\"display: block; margin: 0px auto;\"  id=\"_ytid_87350\"  width=\"800\" height=\"450\"  data-origwidth=\"800\" data-origheight=\"450\"  data-relstop=\"1\" src=\"https:\/\/www.youtube.com\/embed\/rpo9WnP4UuI?enablejsapi=1&#038;autoplay=0&#038;cc_load_policy=0&#038;cc_lang_pref=&#038;iv_load_policy=1&#038;loop=0&#038;rel=0&#038;fs=1&#038;playsinline=0&#038;autohide=2&#038;theme=dark&#038;color=red&#038;controls=1&#038;disablekb=0&#038;\" class=\"__youtube_prefs__  epyt-is-override  no-lazyload\" title=\"YouTube player\"  allow=\"fullscreen; accelerometer; autoplay; clipboard-write; encrypted-media; gyroscope; picture-in-picture; web-share\" referrerpolicy=\"strict-origin-when-cross-origin\" allowfullscreen data-no-lazy=\"1\" data-skipgform_ajax_framebjll=\"\"><\/iframe>\n<\/div><\/figure>\n\n\n\n<figure class=\"wp-block-embed is-type-video is-provider-youtube wp-block-embed-youtube wp-embed-aspect-16-9 wp-has-aspect-ratio\"><div class=\"wp-block-embed__wrapper\">\n<iframe  style=\"display: block; margin: 0px auto;\"  id=\"_ytid_41594\"  width=\"800\" height=\"450\"  data-origwidth=\"800\" data-origheight=\"450\"  data-relstop=\"1\" src=\"https:\/\/www.youtube.com\/embed\/GfnhLy-EMxo?enablejsapi=1&#038;autoplay=0&#038;cc_load_policy=0&#038;cc_lang_pref=&#038;iv_load_policy=1&#038;loop=0&#038;rel=0&#038;fs=1&#038;playsinline=0&#038;autohide=2&#038;theme=dark&#038;color=red&#038;controls=1&#038;disablekb=0&#038;\" class=\"__youtube_prefs__  epyt-is-override  no-lazyload\" title=\"YouTube player\"  allow=\"fullscreen; accelerometer; autoplay; clipboard-write; encrypted-media; gyroscope; picture-in-picture; web-share\" referrerpolicy=\"strict-origin-when-cross-origin\" allowfullscreen data-no-lazy=\"1\" data-skipgform_ajax_framebjll=\"\"><\/iframe>\n<\/div><\/figure>\n\n\n\n<ul class=\"wp-block-list\">\n<li><a href=\"https:\/\/chiquitania-turistica.online\/index.php\/chiquitania\/\">https:\/\/chiquitania-turistica.online\/index.php\/chiquitania\/<\/a><\/li>\n\n\n\n<li><a href=\"https:\/\/chiquitania-turistica.online\/index.php\/ciudadrobore\/\">https:\/\/chiquitania-turistica.online\/index.php\/ciudadrobore\/<\/a><\/li>\n\n\n\n<li><a href=\"https:\/\/chiquitania-turistica.online\/index.php\/ciudadsanjose\/\">https:\/\/chiquitania-turistica.online\/index.php\/ciudadsanjose\/<\/a><\/li>\n\n\n\n<li><a href=\"https:\/\/chiquitania-turistica.online\/index.php\/ciudadpailon\/\">https:\/\/chiquitania-turistica.online\/index.php\/ciudadpailon\/<\/a><\/li>\n\n\n\n<li><a href=\"https:\/\/chiquitania-turistica.online\/index.php\/pueblo-ciudad\/\">https:\/\/chiquitania-turistica.online\/index.php\/pueblo-ciudad\/<\/a><\/li>\n\n\n\n<li><a href=\"https:\/\/chiquitania-turistica.online\/index.php\/sanjose-2\/\">https:\/\/chiquitania-turistica.online\/index.php\/sanjose-2\/<\/a><\/li>\n\n\n\n<li><a href=\"https:\/\/chiquitania-turistica.online\/index.php\/vieja\/\">https:\/\/chiquitania-turistica.online\/index.php\/vieja\/<\/a><\/li>\n\n\n\n<li><a href=\"https:\/\/chiquitania-turistica.online\/index.php\/robore\/\">https:\/\/chiquitania-turistica.online\/index.php\/robore\/<\/a><\/li>\n\n\n\n<li><a href=\"https:\/\/chiquitania-turistica.online\/index.php\/aguascalientes\/\">https:\/\/chiquitania-turistica.online\/index.php\/aguascalientes\/<\/a><\/li>\n\n\n\n<li><a href=\"https:\/\/chiquitania-turistica.online\/index.php\/chochis\/\">https:\/\/chiquitania-turistica.online\/index.php\/chochis\/<\/a><\/li>\n\n\n\n<li><a href=\"https:\/\/chiquitania-turistica.online\/index.php\/tucavaca\/\">https:\/\/chiquitania-turistica.online\/index.php\/tucavaca\/<\/a><\/li>\n\n\n\n<li><a href=\"https:\/\/chiquitania-turistica.online\/index.php\/santiago\/\">https:\/\/chiquitania-turistica.online\/index.php\/santiago\/<\/a><\/li>\n\n\n\n<li><a href=\"https:\/\/chiquitania-turistica.online\/index.php\/ganaderia\/\">https:\/\/chiquitania-turistica.online\/index.php\/ganaderia\/<\/a><\/li>\n\n\n\n<li><a href=\"https:\/\/chiquitania-turistica.online\/index.php\/aguascalientes-2\/\">https:\/\/chiquitania-turistica.online\/index.php\/aguascalientes-2\/<\/a><\/li>\n\n\n\n<li><a href=\"https:\/\/chiquitania-turistica.online\/index.php\/misiones\/\">https:\/\/chiquitania-turistica.online\/index.php\/misiones\/<\/a><\/li>\n\n\n\n<li><a href=\"https:\/\/chiquitania-turistica.online\/index.php\/musica\/\">https:\/\/chiquitania-turistica.online\/index.php\/musica\/<\/a><\/li>\n\n\n\n<li><a href=\"https:\/\/chiquitania-turistica.online\/index.php\/viaje-a-la-chiquitania\/\">https:\/\/chiquitania-turistica.online\/index.php\/viaje-a-la-chiquitania\/<\/a><\/li>\n\n\n\n<li><a href=\"https:\/\/chiquitania-turistica.online\/index.php\/transporte-publico\/\">https:\/\/chiquitania-turistica.online\/index.php\/transporte-publico\/<\/a><\/li>\n<\/ul>\n\n\n\n<div id=\"cont_c4229755ec2ddd18b73363042f56ba57\"><script type=\"text\/javascript\" async src=\"https:\/\/www.tiempo.com\/wid_loader\/c4229755ec2ddd18b73363042f56ba57\"><\/script><\/div>\n\n\n<div class=\"wp-block-image\">\n<figure class=\"aligncenter size-full is-resized\"><img data-recalc-dims=\"1\" decoding=\"async\" width=\"192\" height=\"209\" src=\"https:\/\/i0.wp.com\/chiquitania-turistica.online\/wp-content\/uploads\/2024\/04\/provincia-chiquitos25-100.jpg?resize=192%2C209&#038;ssl=1\" alt=\"\" class=\"wp-image-23\" style=\"width:256px;height:auto\"\/><\/figure><\/div>","protected":false},"excerpt":{"rendered":"<p>La Paz El Parque Tucavaca en Santiago de Chiquitos es un lugar de gran belleza paisaj\u00edstica que combina historia y atractivos tur\u00edsticos. Este parque ofrece una variedad de experiencias para los visitantes, desde su circuito de Los Arcos y Cuevas hasta la oportunidad de explorar el Coro y la exuberante vegetaci\u00f3n del Bosque Seco Chiquitano. [&hellip;]<\/p>\n","protected":false},"author":1,"featured_media":0,"parent":0,"menu_order":0,"comment_status":"closed","ping_status":"closed","template":"","meta":{"footnotes":""},"class_list":["post-171","page","type-page","status-publish","hentry"],"yoast_head":"<!-- This site is optimized with the Yoast SEO plugin v26.8 - https:\/\/yoast.com\/product\/yoast-seo-wordpress\/ -->\n<title>Turismo al Parque de Tucavaca de Santiago de Chiquitos - chiquitania-turistica.online<\/title>\n<meta name=\"robots\" content=\"index, follow, max-snippet:-1, max-image-preview:large, max-video-preview:-1\" \/>\n<link rel=\"canonical\" href=\"https:\/\/chiquitania-turistica.online\/index.php\/tucavaca\/\" \/>\n<meta property=\"og:locale\" content=\"fr_FR\" \/>\n<meta property=\"og:type\" content=\"article\" \/>\n<meta property=\"og:title\" content=\"Turismo al Parque de Tucavaca de Santiago de Chiquitos - chiquitania-turistica.online\" \/>\n<meta property=\"og:description\" content=\"La Paz El Parque Tucavaca en Santiago de Chiquitos es un lugar de gran belleza paisaj\u00edstica que combina historia y atractivos tur\u00edsticos. Este parque ofrece una variedad de experiencias para los visitantes, desde su circuito de Los Arcos y Cuevas hasta la oportunidad de explorar el Coro y la exuberante vegetaci\u00f3n del Bosque Seco Chiquitano. [&hellip;]\" \/>\n<meta property=\"og:url\" content=\"https:\/\/chiquitania-turistica.online\/index.php\/tucavaca\/\" \/>\n<meta property=\"og:site_name\" content=\"chiquitania-turistica.online\" \/>\n<meta property=\"article:publisher\" content=\"https:\/\/www.facebook.com\/INGENIERIA4.0\/\" \/>\n<meta property=\"article:modified_time\" content=\"2024-09-25T09:31:00+00:00\" \/>\n<meta property=\"og:image\" content=\"https:\/\/chiquitania-turistica.online\/wp-content\/uploads\/2024\/04\/provincia-chiquitos25-100.jpg\" \/>\n<meta name=\"twitter:card\" content=\"summary_large_image\" \/>\n<meta name=\"twitter:label1\" content=\"Dur\u00e9e de lecture estim\u00e9e\" \/>\n\t<meta name=\"twitter:data1\" content=\"1 minute\" \/>\n<script type=\"application\/ld+json\" class=\"yoast-schema-graph\">{\"@context\":\"https:\/\/schema.org\",\"@graph\":[{\"@type\":\"WebPage\",\"@id\":\"https:\/\/chiquitania-turistica.online\/index.php\/tucavaca\/\",\"url\":\"https:\/\/chiquitania-turistica.online\/index.php\/tucavaca\/\",\"name\":\"Turismo al Parque de Tucavaca de Santiago de Chiquitos - chiquitania-turistica.online\",\"isPartOf\":{\"@id\":\"https:\/\/chiquitania-turistica.online\/#website\"},\"primaryImageOfPage\":{\"@id\":\"https:\/\/chiquitania-turistica.online\/index.php\/tucavaca\/#primaryimage\"},\"image\":{\"@id\":\"https:\/\/chiquitania-turistica.online\/index.php\/tucavaca\/#primaryimage\"},\"thumbnailUrl\":\"https:\/\/chiquitania-turistica.online\/wp-content\/uploads\/2024\/04\/provincia-chiquitos25-100.jpg\",\"datePublished\":\"2024-04-13T13:07:33+00:00\",\"dateModified\":\"2024-09-25T09:31:00+00:00\",\"breadcrumb\":{\"@id\":\"https:\/\/chiquitania-turistica.online\/index.php\/tucavaca\/#breadcrumb\"},\"inLanguage\":\"fr-FR\",\"potentialAction\":[{\"@type\":\"ReadAction\",\"target\":[\"https:\/\/chiquitania-turistica.online\/index.php\/tucavaca\/\"]}]},{\"@type\":\"ImageObject\",\"inLanguage\":\"fr-FR\",\"@id\":\"https:\/\/chiquitania-turistica.online\/index.php\/tucavaca\/#primaryimage\",\"url\":\"https:\/\/chiquitania-turistica.online\/wp-content\/uploads\/2024\/04\/provincia-chiquitos25-100.jpg\",\"contentUrl\":\"https:\/\/chiquitania-turistica.online\/wp-content\/uploads\/2024\/04\/provincia-chiquitos25-100.jpg\"},{\"@type\":\"BreadcrumbList\",\"@id\":\"https:\/\/chiquitania-turistica.online\/index.php\/tucavaca\/#breadcrumb\",\"itemListElement\":[{\"@type\":\"ListItem\",\"position\":1,\"name\":\"Accueil\",\"item\":\"https:\/\/chiquitania-turistica.online\/\"},{\"@type\":\"ListItem\",\"position\":2,\"name\":\"Turismo al Parque de Tucavaca de Santiago de Chiquitos\"}]},{\"@type\":\"WebSite\",\"@id\":\"https:\/\/chiquitania-turistica.online\/#website\",\"url\":\"https:\/\/chiquitania-turistica.online\/\",\"name\":\"chiquitania-turistica.online\",\"description\":\"Webgu\u00eda de la Chiquitania\",\"publisher\":{\"@id\":\"https:\/\/chiquitania-turistica.online\/#organization\"},\"potentialAction\":[{\"@type\":\"SearchAction\",\"target\":{\"@type\":\"EntryPoint\",\"urlTemplate\":\"https:\/\/chiquitania-turistica.online\/?s={search_term_string}\"},\"query-input\":{\"@type\":\"PropertyValueSpecification\",\"valueRequired\":true,\"valueName\":\"search_term_string\"}}],\"inLanguage\":\"fr-FR\"},{\"@type\":\"Organization\",\"@id\":\"https:\/\/chiquitania-turistica.online\/#organization\",\"name\":\"chiquitania-turistica.online\",\"url\":\"https:\/\/chiquitania-turistica.online\/\",\"logo\":{\"@type\":\"ImageObject\",\"inLanguage\":\"fr-FR\",\"@id\":\"https:\/\/chiquitania-turistica.online\/#\/schema\/logo\/image\/\",\"url\":\"https:\/\/i0.wp.com\/chiquitania-turistica.online\/wp-content\/uploads\/2024\/04\/cropped-logo.jpg?fit=198%2C138&ssl=1\",\"contentUrl\":\"https:\/\/i0.wp.com\/chiquitania-turistica.online\/wp-content\/uploads\/2024\/04\/cropped-logo.jpg?fit=198%2C138&ssl=1\",\"width\":198,\"height\":138,\"caption\":\"chiquitania-turistica.online\"},\"image\":{\"@id\":\"https:\/\/chiquitania-turistica.online\/#\/schema\/logo\/image\/\"},\"sameAs\":[\"https:\/\/www.facebook.com\/INGENIERIA4.0\/\",\"https:\/\/chat.whatsapp.com\/Ci7D06NFHtG9cd3oBZo1iQ\"]}]}<\/script>\n<!-- \/ Yoast SEO plugin. -->","yoast_head_json":{"title":"Turismo al Parque de Tucavaca de Santiago de Chiquitos - chiquitania-turistica.online","robots":{"index":"index","follow":"follow","max-snippet":"max-snippet:-1","max-image-preview":"max-image-preview:large","max-video-preview":"max-video-preview:-1"},"canonical":"https:\/\/chiquitania-turistica.online\/index.php\/tucavaca\/","og_locale":"fr_FR","og_type":"article","og_title":"Turismo al Parque de Tucavaca de Santiago de Chiquitos - chiquitania-turistica.online","og_description":"La Paz El Parque Tucavaca en Santiago de Chiquitos es un lugar de gran belleza paisaj\u00edstica que combina historia y atractivos tur\u00edsticos. Este parque ofrece una variedad de experiencias para los visitantes, desde su circuito de Los Arcos y Cuevas hasta la oportunidad de explorar el Coro y la exuberante vegetaci\u00f3n del Bosque Seco Chiquitano. [&hellip;]","og_url":"https:\/\/chiquitania-turistica.online\/index.php\/tucavaca\/","og_site_name":"chiquitania-turistica.online","article_publisher":"https:\/\/www.facebook.com\/INGENIERIA4.0\/","article_modified_time":"2024-09-25T09:31:00+00:00","og_image":[{"url":"https:\/\/chiquitania-turistica.online\/wp-content\/uploads\/2024\/04\/provincia-chiquitos25-100.jpg","type":"","width":"","height":""}],"twitter_card":"summary_large_image","twitter_misc":{"Dur\u00e9e de lecture estim\u00e9e":"1 minute"},"schema":{"@context":"https:\/\/schema.org","@graph":[{"@type":"WebPage","@id":"https:\/\/chiquitania-turistica.online\/index.php\/tucavaca\/","url":"https:\/\/chiquitania-turistica.online\/index.php\/tucavaca\/","name":"Turismo al Parque de Tucavaca de Santiago de Chiquitos - chiquitania-turistica.online","isPartOf":{"@id":"https:\/\/chiquitania-turistica.online\/#website"},"primaryImageOfPage":{"@id":"https:\/\/chiquitania-turistica.online\/index.php\/tucavaca\/#primaryimage"},"image":{"@id":"https:\/\/chiquitania-turistica.online\/index.php\/tucavaca\/#primaryimage"},"thumbnailUrl":"https:\/\/chiquitania-turistica.online\/wp-content\/uploads\/2024\/04\/provincia-chiquitos25-100.jpg","datePublished":"2024-04-13T13:07:33+00:00","dateModified":"2024-09-25T09:31:00+00:00","breadcrumb":{"@id":"https:\/\/chiquitania-turistica.online\/index.php\/tucavaca\/#breadcrumb"},"inLanguage":"fr-FR","potentialAction":[{"@type":"ReadAction","target":["https:\/\/chiquitania-turistica.online\/index.php\/tucavaca\/"]}]},{"@type":"ImageObject","inLanguage":"fr-FR","@id":"https:\/\/chiquitania-turistica.online\/index.php\/tucavaca\/#primaryimage","url":"https:\/\/chiquitania-turistica.online\/wp-content\/uploads\/2024\/04\/provincia-chiquitos25-100.jpg","contentUrl":"https:\/\/chiquitania-turistica.online\/wp-content\/uploads\/2024\/04\/provincia-chiquitos25-100.jpg"},{"@type":"BreadcrumbList","@id":"https:\/\/chiquitania-turistica.online\/index.php\/tucavaca\/#breadcrumb","itemListElement":[{"@type":"ListItem","position":1,"name":"Accueil","item":"https:\/\/chiquitania-turistica.online\/"},{"@type":"ListItem","position":2,"name":"Turismo al Parque de Tucavaca de Santiago de Chiquitos"}]},{"@type":"WebSite","@id":"https:\/\/chiquitania-turistica.online\/#website","url":"https:\/\/chiquitania-turistica.online\/","name":"chiquitania-turistica.online","description":"Webgu\u00eda de la Chiquitania","publisher":{"@id":"https:\/\/chiquitania-turistica.online\/#organization"},"potentialAction":[{"@type":"SearchAction","target":{"@type":"EntryPoint","urlTemplate":"https:\/\/chiquitania-turistica.online\/?s={search_term_string}"},"query-input":{"@type":"PropertyValueSpecification","valueRequired":true,"valueName":"search_term_string"}}],"inLanguage":"fr-FR"},{"@type":"Organization","@id":"https:\/\/chiquitania-turistica.online\/#organization","name":"chiquitania-turistica.online","url":"https:\/\/chiquitania-turistica.online\/","logo":{"@type":"ImageObject","inLanguage":"fr-FR","@id":"https:\/\/chiquitania-turistica.online\/#\/schema\/logo\/image\/","url":"https:\/\/i0.wp.com\/chiquitania-turistica.online\/wp-content\/uploads\/2024\/04\/cropped-logo.jpg?fit=198%2C138&ssl=1","contentUrl":"https:\/\/i0.wp.com\/chiquitania-turistica.online\/wp-content\/uploads\/2024\/04\/cropped-logo.jpg?fit=198%2C138&ssl=1","width":198,"height":138,"caption":"chiquitania-turistica.online"},"image":{"@id":"https:\/\/chiquitania-turistica.online\/#\/schema\/logo\/image\/"},"sameAs":["https:\/\/www.facebook.com\/INGENIERIA4.0\/","https:\/\/chat.whatsapp.com\/Ci7D06NFHtG9cd3oBZo1iQ"]}]}},"_links":{"self":[{"href":"https:\/\/chiquitania-turistica.online\/index.php\/wp-json\/wp\/v2\/pages\/171","targetHints":{"allow":["GET"]}}],"collection":[{"href":"https:\/\/chiquitania-turistica.online\/index.php\/wp-json\/wp\/v2\/pages"}],"about":[{"href":"https:\/\/chiquitania-turistica.online\/index.php\/wp-json\/wp\/v2\/types\/page"}],"author":[{"embeddable":true,"href":"https:\/\/chiquitania-turistica.online\/index.php\/wp-json\/wp\/v2\/users\/1"}],"replies":[{"embeddable":true,"href":"https:\/\/chiquitania-turistica.online\/index.php\/wp-json\/wp\/v2\/comments?post=171"}],"version-history":[{"count":8,"href":"https:\/\/chiquitania-turistica.online\/index.php\/wp-json\/wp\/v2\/pages\/171\/revisions"}],"predecessor-version":[{"id":858,"href":"https:\/\/chiquitania-turistica.online\/index.php\/wp-json\/wp\/v2\/pages\/171\/revisions\/858"}],"wp:attachment":[{"href":"https:\/\/chiquitania-turistica.online\/index.php\/wp-json\/wp\/v2\/media?parent=171"}],"curies":[{"name":"wp","href":"https:\/\/api.w.org\/{rel}","templated":true}]}}